{"id":10342,"date":"2026-03-03T08:06:55","date_gmt":"2026-03-03T07:06:55","guid":{"rendered":"https:\/\/www.5g-anbieter.info\/5g-news\/?page_id=10342"},"modified":"2026-05-04T18:53:34","modified_gmt":"2026-05-04T16:53:34","slug":"5g-tarife-unlimitiert-ratgeber","status":"publish","type":"page","link":"https:\/\/www.5g-anbieter.info\/5g-news\/5g-tarife-unlimitiert-ratgeber","title":{"rendered":"5G Tarife mit unlimitiertem Volumen"},"content":{"rendered":"<p><img decoding=\"async\" src=\"https:\/\/www.5g-anbieter.info\/5g-news\/wp-content\/uploads\/2023\/07\/5g-unlimited-ratgeber.webp\" alt=\"5G ohne Begrenzung\" fetchpriority=\"high\"><\/p>\n<p>&nbsp;<\/p>\n<p>Die 5. Mobilfunkgeneration ist jetzt im Jahr 2026 mittlerweile fast schon so gut verf\u00fcgbar wie <a href=\"https:\/\/www.5g-anbieter.info\/lte\/\" data-internallinksmanager029f6b8e52c=\"66\" title=\"LTE\">LTE<\/a> und bietet nochmals <a href=\"https:\/\/www.5g-anbieter.info\/speed\/wie-schnell-ist-5g.html\">deutlich mehr Leistung<\/a>. Datenraten jenseits der 1000 MBit\/s, also wie bei Glasfaser, sind durchaus m\u00f6glich. Doch wie sieht es aus in Punkto Datenvolumen? Gibt es auch echte Flatrates ohne Limitierung? Wir zeigen, welche unlimitierten <a href=\"https:\/\/www.5g-anbieter.info\/vergleich\/5g-tarife.html\" data-internallinksmanager029f6b8e52c=\"61\" title=\"Vergleich der Anbieter und Tarife: Wieviel kostet 5G?\">5G-Tarife<\/a> es schon gibt, wer sie bietet und wieviel das kostet.<!--more--><\/p>\n<h3>Echte Datenflatrates 2026 (noch) Mangelware<\/h3>\n<p>Eine Zeit lang sah es tats\u00e4chlich so aus, als ob sich endlich auch in Deutschland richtige unlimitierte Mobilfunktarife durchsetzen. Was in vielen Nachbarl\u00e4ndern wie Schweiz und \u00d6sterreich l\u00e4ngst Alltag ist, kostet hier oft noch ein kleines Verm\u00f6gen. Im O2-Netz gibt es aber tats\u00e4chlich schon Angebote im Bereich von 30 bis 60 \u20ac monatlich mit hohen Datenraten. Seit Anfang 2025 locken <a href=\"https:\/\/www.5g-anbieter.info\/provider\/1und1\/5g-1und1.html\" data-internallinksmanager029f6b8e52c=\"4\" title=\"5G Tarife von 1und1 vergleichen\">1&#038;1<\/a> sowie Aldi mit besonders g\u00fcnstigen Tarifen. Diese haben aber einen entscheidenden Nachteil, dazu sp\u00e4ter noch mehr!<\/p>\n<h3>Was f\u00fcr Tarife mit unendlich Datenvolumen gibt es?<\/h3>\n<p>Zun\u00e4chst einmal sollten wir, bevor wir uns einzelne Angebote ansehen, noch kl\u00e4ren, <u>wof\u00fcr der Tarif genau ben\u00f6tigt wird<\/u>.<\/p>\n<p>&nbsp;<\/p>\n<p>Es <span class=\"ihand\"><\/span>gibt drei M\u00f6glichkeiten bzw. Tarifgruppen. Einmal nat\u00fcrlich die <strong>(1)<\/strong> regul\u00e4re Allnetflatrate zum telefonieren und Surfen am Handy, <strong>(2)<\/strong> Funk als DSL-Alternative bzw. Ersatzl\u00f6sung und <strong>(3)<\/strong> reine Datentarife z.B. zum Betrieb eines Tablets. F\u00fcr all diese stellen wir folgend die M\u00f6glichkeiten ohne Datendrossel mit 5G-Zugang vor.<\/p>\n<h3>1. Unlimitierte 5G-Tarife f\u00fcr Ihr Smartphone (mobil)<\/h3>\n<div class=\"pic_r\"><img decoding=\"async\" src=\"https:\/\/www.5g-anbieter.info\/5g-news\/wp-content\/uploads\/2023\/07\/frau-am-handy.webp\" alt=\"Frau streamt Video\/Musik am Handy\" width=\"230\"><\/div>\n<p>Sie haben zuhause schon einen \u201enormalen\u201c Anschluss und suchen unbegrenzten Surfspa\u00df auch unterwegs am Handy? Ganz ohne Gigabytes zu z\u00e4hlen? Tats\u00e4chlich bietet der Markt einige wenige Tarife mit 5G, wo man sich darum keine Sorgen mehr machen muss. Der Luxus vom streamen ohne Ende hat allerdings bei den meisten Anbietern seinen Preis. Los geht es mit voller Geschwindigkeit, 5G und ohne Limitierung (z. B. Nachbuchungen) ab zirka 20 \u20ac im Monat. Die Spanne reicht aktuell bis 85 Euro.<\/p>\n<p>&nbsp;<\/p>\n<p><span class=\"iLogorechts\"><img decoding=\"async\" src=\"..\/Bilder\/logos\/o2-logo.webp\" alt=\"O2\" title=\"O2\" loading=\"lazy\"><\/span><span><u><strong>O2 Telef\u00f3nica:<\/strong><\/u><\/span> Die aktuell \u201eg\u00fcnstigste\u201c Handyflat mit 5G ohne Speedbeschneidung und Daten-Limitierung stammt aktuell von O2 mit dem Tarif \u201e<a href=\"https:\/\/www.5g-anbieter.info\/provider\/o2\/5g-o2.html#smartphone\">Mobile Unlimited Max<\/a>\u201c. Hier gibt es 300 MBit\/s \u00fcber LTE\/5G inklusive Allnetflat f\u00fcr aktuell 59.99 \u20ac monaltlich. Bis 31.05. winkt zudem ein satter Rabatt! Der Tarif ist jetzt hier kurze Zeit jetzt schon f\u00fcr <strong>39.99 \u20ac<\/strong> monatlich zu haben! Bestellbar <span class=\"ipreis\"><\/span><u>mit Onlinevorteil<\/u> hier unter <a href=\"https:\/\/www.5g-anbieter.info\/details\/o2mobil\" rel=\"noopener nofollow\" target=\"_blank\">www.o2online.de\/mobile<\/a>!<\/p>\n<p>&nbsp;<\/p>\n<p>Alternativ offeriert O2 noch eine auf 15 MBit gedrosselte Variante (&#8222;Unlimited Smart&#8220;), die bereits ab <strong>24.99 \u20ac<\/strong> zu haben ist. Die dritte Variante nennt sich &#8222;<a href=\"https:\/\/www.5g-anbieter.info\/unlimited\/unlimited-on-demand.html\" data-internallinksmanager029f6b8e52c=\"87\" title=\"Unlimited on Demand\">Unlimited on Demand<\/a>&#8220;. Hier stehen t\u00e4glich 10 GB zur Verf\u00fcgung. Bei Bedarf l\u00e4sst sich in 2 GB gro\u00dfen Trancen beliebig viel Volumen ohne Aufpreis zubuchen.<\/p>\n<p>&nbsp;<\/p>\n<p><span class=\"iLogorechts\"><img decoding=\"async\" src=\"..\/Bilder\/logos\/funklogo.webp\" alt=\"FUNK\" title=\"Vodafone\" loading=\"lazy\"><\/span><span><u><strong>FUNK<\/strong>:<\/u><br \/>\nEnde 2025 legte Freenet seinen einstigen Bestseller-Tarif \u201eFUNK\u201c endlich v\u00f6llig neu auf. Das Angebot ist bisher ein echter Geheimtipp! Denn hier gibt es unbegrenztes Datenvolumen so g\u00fcnstig wie nirgendwo! Der FUNK-Tarif ist eine waschechte Allnetflat f\u00fcr Telefonie und mobiles Internet ohne Limit. LTE und 5G bis 50 MBit\/s sind mit dabei. Alles f\u00fcr sensationelle 19,99 \u20ac im Monat. Investiert man 0.99 \u20ac t\u00e4glich, steigt die Datenrate sogar auf 300 MBit\/s. In unserem <a href=\"https:\/\/www.5g-anbieter.info\/provider\/freenet\/funk.html\">Testbericht konnten wir \u00fcbrigens sogar \u00fcber 500 MBit\/s erzielen und mit einigen Tricks l\u00e4sst sich der Tarif als DSL-Ersatz verwenden.<\/a>! Wichtig: Bestellung ist nur hier <a href=\"https:\/\/www.5g-anbieter.info\/details\/freenetfunk\" target=\"_blank\" rel=\"nofollow\">\u00fcber die FUNK-App m\u00f6glich<\/a>.<\/span><\/p>\n<p>&nbsp;<\/p>\n<p><span class=\"iLogorechts\"><img decoding=\"async\" src=\"..\/Bilder\/logos\/vodafone.webp\" alt=\"Vodafone\" title=\"Vodafone\" loading=\"lazy\"><\/span><span><u><strong>Vodafone<\/strong>:<\/u> Das Angebot von Vodafone hei\u00dft <a href=\"https:\/\/www.5g-anbieter.info\/details\/GigamobilXL\" rel=\"noopener nofollow\" target=\"_blank\">Gigamobil XL<\/a>. F\u00fcr 79.99 \u20ac monatlich ist nicht nur Telefonie &#038; SMS voll abgedeckt, sondern auch das Internet in Deutschland sowie der EU. Auf Reisen innerhalb der EU beschr\u00e4nkt Vodafone das Kontingent aber auf 123 GB monatlich. <u>Aktion:<\/u> <span class=\"ipreis\"><\/span>Bis 31.05.2026 gibt es aber <a href=\"https:\/\/www.5g-anbieter.info\/details\/gigamobil\" rel=\"noopener nofollow\" target=\"_blank\">hier auf www.vodafone.de\/gigamobil<\/a> unlimitiertes Datenvolumen kurze Zeit schon ab dem Tarif &#8222;GigaMobil M&#8220; + 25% Rabatt auf den Monatspreis.<\/span><\/p>\n<p>&nbsp;<\/p>\n<p><span class=\"iLogorechts\"><img decoding=\"async\" src=\"..\/Bilder\/logos\/Telekom_Logo.webp\" alt=\"Telekom\" title=\"Telekom\" loading=\"lazy\"><\/span><span><u><strong>Deutsche Telekom:<\/strong><\/u> F\u00fcr unbegrenztes surfen verlangt die Telekom hier mit MagentaMobil XL stattliche 84.95 \u20ac im Monat. Daf\u00fcr surft man hier im besten 5G-Netz des Landes. Billiger wird es nur, wenn man mindestens eine weitere SIM-Karte f\u00fcr den Partner oder die Familie zubucht. Mit der &#8222;Pluskarte&#8220; f\u00fcr 19.95 \u20ac monatlich, gibt es dann bereits ab Magentamobil M unlimitiertes 5G f\u00fcr alle! Aktuell winken f\u00fcr Onlinebesteller <a href=\"https:\/\/www.5g-anbieter.info\/details\/magentamobil\" rel=\"noopener nofollow\" target=\"_blank\">hier auf www.telekom.de\/magentamobil<\/a> 240 \u20ac Cashback!<\/span><\/p>\n<p>&nbsp;<\/p>\n<p><span class=\"iLogorechts\"><img decoding=\"async\" src=\"..\/Bilder\/logos\/1und1logo.webp\" alt=\"1&#038;1\" title=\"1&#038;1\" loading=\"lazy\"><\/span><u><strong>1und1:<\/strong><\/u> 1&#038;1 baut ja mittlerweile an einem eigenen Mobilfunknetz. \u00dcberall dort wo der Anbieter noch kein 5G oder LTE bieten kann, springt bisher <a href=\"https:\/\/www.5g-anbieter.info\/provider\/vodafone\/5g-vodafone.html\" data-internallinksmanager029f6b8e52c=\"1\" title=\"5G Tarife von Vodafone zeigen\">Vodafone<\/a> ein. Seit Q1\/2025 bietet 1&#038;1 besonders g\u00fcnstige Allnetflats ohne Datenlimit. Die Angebote starten schon bei unglaublichen 19.99 \u20ac. Aber leider ist hier l\u00e4ngst nicht alles Gold was gl\u00e4nzt. Die <a href=\"https:\/\/www.5g-anbieter.info\/5g-news\/lohnen-sich-die-1und1-unlimited-tarife\">Grenzen der 1&#038;1 Unlimited-Tarife zeigen wir hier auf<\/a>. Die echte 1&#038;1 Unlimited Flat kostet 39.99 \u20ac im Monat.<\/p>\n<p>&nbsp;<\/p>\n<p><u><strong>Aldi:<\/strong><\/u> F\u00fcr Aldi (<a href=\"https:\/\/www.5g-anbieter.info\/details\/alditalk\" rel=\"noopener nofollow\" target=\"_blank\">www.aldi-talk.de<\/a>) gilt das Gleiche wie f\u00fcr 1&#038;1. Auch die hier vertriebenen Tarife sind nur &#8222;On-Demand&#8220; Unlimited &#8211; sprich man muss nach einem fixen monatlichen Kontingent jedes weitere Gigabyte erst in der App nachbuchen bzw. freischalten. <\/p>\n<h3>2. Unlimited 5G-Tarife station\u00e4r f\u00fcr zuhause<\/h3>\n<p>Schnelles Internet f\u00fcr die eigenen vier W\u00e4nde muss heute nicht mehr zwingend \u00fcber das Festnetz (DSL, Kabel oder Glasfaser) realisiert werden. Sofern der Ausbau am Wohnort nur ungen\u00fcgend ist, kann man auch auf eine Funkl\u00f6sung setzen. Dank 5G kann das sogar ein deutliches Geschwindigkeitsplus bedeuten. Und das sind die m\u00f6glichen Anbieter bzw. Tarife mit unbegrenztem Datenvolumen f\u00fcr daheim:<\/p>\n<p>&nbsp;<\/p>\n<p><u><a href=\"https:\/\/www.5g-anbieter.info\/zuhause\/o2\/o2-homespot-5g.html\" data-internallinksmanager029f6b8e52c=\"20\" title=\"mehr \u00fcber die O2 Homespot Tarife erfahren\">O2 Home<\/a>:<\/u> Bei O2 kann man <a href=\"https:\/\/www.5g-anbieter.info\/details\/o2homespot\" rel=\"noopener nofollow\" target=\"_blank\">hier auf www.o2online.de\/homespot<\/a> einen Homespot-Tarif per 4G\/5G bestellen, ganz ohne Datenbeschr\u00e4nkung. Unschlagbar ist vor allem der Preis: Schon ab 34.99 \u20ac gehts los, inklusive Festnetzflat und 5G-Zugang! Mehr Infos zum Angebot finden Sie <a href=\"https:\/\/www.5g-anbieter.info\/zuhause\/o2\/o2-homespot-5g.html\">hier<\/a>.<\/p>\n<p>&nbsp;<\/p>\n<p><u><a href=\"https:\/\/www.5g-anbieter.info\/zuhause\/vodafone\/gigacube-5g.html\" data-internallinksmanager029f6b8e52c=\"19\" title=\"Vodafone Gigacube: Tarife und Preis\">Vodafone Gigacube<\/a>:<\/u> Hier wird eine Variante ohne Volumenbegrenzung angeboten. Diese kostet 66.99 \u20ac monatlich. Von Haus aus sind die <a href=\"https:\/\/www.5g-anbieter.info\/zuhause\/vodafone\/gigacube-5g.html\">Gigacube-Tarife<\/a> \u00fcbrigens 5G-f\u00e4hig. Optional kann man das Angebot mit passendem <a href=\"https:\/\/www.5g-anbieter.info\/hardware\/all\/vodafone-gigacube-5g-4-generation\">5G-Gigacube-Router<\/a> bestellen oder nutzt sein eigenes Ger\u00e4t. Bestellbar <a href=\"https:\/\/www.5g-anbieter.info\/details\/gigacube\" rel=\"noopener nofollow\" target=\"_blank\">auf www.vodafone.de\/gigacube<\/a>.<\/p>\n<p>&nbsp;<\/p>\n<p><img decoding=\"async\" src=\"https:\/\/www.5g-anbieter.info\/5g-news\/wp-content\/uploads\/2023\/07\/gigacube.webp\" alt=\"Gigacube\" title=\"Gigacube im Einsatz\" loading=\"lazy\"><\/p>\n<p>&nbsp;<\/p>\n<p><u><a href=\"https:\/\/www.5g-anbieter.info\/hybrid\/5g-hybrid-telekom.html\" data-internallinksmanager029f6b8e52c=\"16\" title=\"mehr zu den Hybrid 5G-Tarifen der Telekom\">Telekom Hybrid<\/a>:<\/u> Bei der Deutschen Telekom gibt es ohne Datenlimit einen technischen Mix aus Festnetz und Funk namens \u201e<a href=\"https:\/\/www.5g-anbieter.info\/hybrid\/5g-hybrid-telekom.html\">Hybrid<\/a>\u201c. Der regul\u00e4re MagentaZuhause-Anschluss wird dabei mit 5G erg\u00e4nzt. Das sorgt f\u00fcr einen bis zu 500 MBit\/s schnellen Anschluss, selbst wenn nur VDSL mit bis zu 250 MBit anliegt. Bestellbar hier <a href=\"https:\/\/www.5g-anbieter.info\/details\/hybrid\" rel=\"noopener nofollow\" target=\"_blank\">unter www.telekom.de\/zuhause<\/a>. Achtung: Die Angebote werden erst nach einem Verf\u00fcgbarkeitscheck angezeigt, falls verf\u00fcgbar &#8230;<\/p>\n<h3>3. Datentarife mit unlimited 5G<\/h3>\n<p>Kommen wir nun zu den reinen Datentarifen. Dies k\u00f6nnen Sinn machen, wenn man z.B. nur sein Tablet mobil mit Internet versorgen m\u00f6chte ohne auf WLAN angewiesen zu sein. Aktuell gibt es aber leider kein passendes Angebot derart. Zumindest nicht offiziell. Seitdem die Anbieter zu einem Tarif das Endger\u00e4t nicht mehr vorschreiben d\u00fcrfen, kann man theoretisch auch eine Gigacube-SIM einlegen. Siehe Punkt 2.<\/p>\n<h3>Wird das noch billiger?<\/h3>\n<p>Die Kosten f\u00fcr unbeschr\u00e4nktes 5G-Datenvolumen sind schon immens, das steht fest. Aber leider sieht es momentan nicht mehr nach einer raschen Entspannung der Preise aus. Nach diversen Preiserh\u00f6hungen der letzten Monate, haben wir kaum Hoffnung auf zeitnahe Angebote unter 40 \u20ac. Die einzige postitive Ausnahme ist FUNK von Freenet.<\/p>\n<h3>Das k\u00f6nnte Sie noch interessieren:<\/h3>\n<p>\u00bb <a href=\"https:\/\/www.5g-anbieter.info\/unlimited\/unlimited-on-demand.html\">Was ist Unlimited on Demand?<\/a><br \/>\n\u00bb <a href=\"https:\/\/www.5g-anbieter.info\/verfuegbarkeit\/5g-verfuegbarkeit-testen.html\">5G Verf\u00fcgbarkeit<\/a><br \/>\n\u00bb <a href=\"https:\/\/www.5g-anbieter.info\/vergleich\/5g-tarife.html\">5G Tarife vergleichen<\/a>3<\/p>\n<div style='text-align:center' class='yasr-auto-insert-visitor'><\/div>","protected":false},"excerpt":{"rendered":"<p>&nbsp; Die 5. Mobilfunkgeneration ist jetzt im Jahr 2026 mittlerweile fast schon so gut verf\u00fcgbar wie LTE und bietet nochmals deutlich mehr Leistung. Datenraten jenseits der 1000 MBit\/s, also wie bei Glasfaser, sind durchaus m\u00f6glich. Doch wie sieht es aus in Punkto Datenvolumen? Gibt es auch echte Flatrates ohne Limitierung? Wir zeigen, welche unlimitierten 5G-Tarife [&hellip;]<\/p>\n","protected":false},"author":1,"featured_media":0,"parent":0,"menu_order":0,"comment_status":"closed","ping_status":"closed","template":"","meta":{"yasr_overall_rating":0,"yasr_post_is_review":"","yasr_auto_insert_disabled":"","yasr_review_type":"","iawp_total_views":16313,"footnotes":""},"class_list":["post-10342","page","type-page","status-publish","hentry"],"yasr_visitor_votes":{"stars_attributes":{"read_only":false,"span_bottom":false},"number_of_votes":11,"sum_votes":47},"jetpack_shortlink":"https:\/\/wp.me\/P6PABz-2GO","jetpack_sharing_enabled":true,"_links":{"self":[{"href":"https:\/\/www.5g-anbieter.info\/5g-news\/wp-json\/wp\/v2\/pages\/10342","targetHints":{"allow":["GET"]}}],"collection":[{"href":"https:\/\/www.5g-anbieter.info\/5g-news\/wp-json\/wp\/v2\/pages"}],"about":[{"href":"https:\/\/www.5g-anbieter.info\/5g-news\/wp-json\/wp\/v2\/types\/page"}],"author":[{"embeddable":true,"href":"https:\/\/www.5g-anbieter.info\/5g-news\/wp-json\/wp\/v2\/users\/1"}],"replies":[{"embeddable":true,"href":"https:\/\/www.5g-anbieter.info\/5g-news\/wp-json\/wp\/v2\/comments?post=10342"}],"version-history":[{"count":5,"href":"https:\/\/www.5g-anbieter.info\/5g-news\/wp-json\/wp\/v2\/pages\/10342\/revisions"}],"predecessor-version":[{"id":13700,"href":"https:\/\/www.5g-anbieter.info\/5g-news\/wp-json\/wp\/v2\/pages\/10342\/revisions\/13700"}],"wp:attachment":[{"href":"https:\/\/www.5g-anbieter.info\/5g-news\/wp-json\/wp\/v2\/media?parent=10342"}],"curies":[{"name":"wp","href":"https:\/\/api.w.org\/{rel}","templated":true}]}}