{"id":10391,"date":"2026-01-03T11:34:55","date_gmt":"2026-01-03T10:34:55","guid":{"rendered":"https:\/\/www.5g-anbieter.info\/5g-news\/?page_id=10391"},"modified":"2026-04-02T10:00:59","modified_gmt":"2026-04-02T08:00:59","slug":"was-sind-die-guenstigsten-5g-tarife","status":"publish","type":"page","link":"https:\/\/www.5g-anbieter.info\/5g-news\/was-sind-die-guenstigsten-5g-tarife","title":{"rendered":"Was sind die g\u00fcnstigsten 5G-Tarife?"},"content":{"rendered":"<h2>Hier gibts 5G schon zum Kampfpreis&#8230;<\/h2>\n<p>&nbsp;<\/p>\n<p><img decoding=\"async\" src=\"https:\/\/www.5g-anbieter.info\/5g-news\/wp-content\/uploads\/2023\/07\/billigster-5g-tarif.webp\" alt=\"Billister 5G-Tarif\" fetchpriority=\"high\"><\/p>\n<p>&nbsp;<\/p>\n<p>5G ist besonders schnell aber teuer? Diese Binsenweisheit galt zwar in den ersten Monaten als 5G vor 6 Jahren ans Netz ging. Doch mittlerweile gibt es bereits echte Schn\u00e4ppchen. Sie werden \u00fcberrascht sein, wie g\u00fcnstig man schon mit 5G surfen und telefonieren kann! Da man die Funktechnik sowohl f\u00fcrs Handy, Tablet als auch als station\u00e4ren DSL-Ersatz nutzen kann, werden wir folgend die jeweils billigsten Angebote kurz nach diesen Rubriken vorstellen. Los geht\u2019s!<!--more--><\/p>\n<h3><span class=\"ipreis\"><\/span>Die g\u00fcnstigsten 5G-Tarife f\u00fcrs Handy<\/h3>\n<p>Eine Allnetflat f\u00fcr unbegrenzte Telefonie und Nachrichten mit 5G kostet sicher \u00fcber 30 \u20ac im Monat? Mitnichten! Der absolut billigste\/beste Tarif derart kommt aktuell von <a href=\"https:\/\/www.5g-anbieter.info\/details\/SIMon\" rel=\"noopener nofollow\" target=\"_blank\">SIMon Mobil<\/a>. F\u00fcr schlappe 9.99 \u20ac erh\u00e4lt man hier 50 GB Datenvolumen mit 5G (<a href=\"https:\/\/www.5g-anbieter.info\/provider\/vodafone\/5g-vodafone.html\" data-internallinksmanager029f6b8e52c=\"1\" title=\"5G Tarife von Vodafone zeigen\">Vodafone<\/a>) und Sprachflat. Der Internetzugang leistet bis zu 150 MBit\/s.<\/p>\n<p>&nbsp;<\/p>\n<p>Selbst <a href=\"https:\/\/www.5g-anbieter.info\/prepaid\/anbieter\/aldi-talk-5g.html\">Aldi-Talk<\/a> (Prepaid im O2-Netz) kann hier nicht mithalten. Denn das g\u00fcnstigste \u201eKombi-Paket S\u201c (auf <a href=\"https:\/\/www.5g-anbieter.info\/details\/alditalk\" rel=\"noopener nofollow\" target=\"_blank\">www.aldi-talk.de<\/a>) zum gleichen Preis bietet nur 25 GB. Und zum Vergleich: Die <a href=\"https:\/\/www.5g-anbieter.info\/provider\/telekom\/5g-telekom.html\" data-internallinksmanager029f6b8e52c=\"2\" title=\"5G-Tarife der Telekom zeigen\">Deutsche Telekom<\/a> verlangt im Einstiegstarif<a href=\"https:\/\/www.5g-anbieter.info\/provider\/telekom\/5g-telekom.html#smartphone\">MagentaMobil S<\/a> Tarif mit 30 GB stolze 39.95 \u20ac, also ein Vielfaches! Leider kann man aber mit beiden Anbietern keine Geschwindigkeitsrekorde aufstellen. Lediglich 100-150 MBit\/s sind bei <a href=\"https:\/\/www.5g-anbieter.info\/provider\/simon\/5g-simonmobil.html\" data-internallinksmanager029f6b8e52c=\"8\" title=\"SIMon 5G-Tarife im Vergleich\">SIMon<\/a> m\u00f6glich &#8211; Aldi bringt es ebenfalls auf bis zu 150 MBit\/s via 5G.<\/p>\n<p>&nbsp;<\/p>\n<p>Wer nur 1 \u20ac mehr investiert, erh\u00e4lt bereits superschnelles 5G im Vodafone-Netz, wo \u00fcber 1000 MBit\/s machbar sind. Die 25 GB Allnetflat von <a href=\"https:\/\/www.5g-anbieter.info\/prepaid\/anbieter\/callya-5g.html\" data-internallinksmanager029f6b8e52c=\"74\" title=\"alles zu den 5G-Callya Tarifen von Vodafone\">Callya<\/a> kostet 9.99 \u20ac. Interessenten k\u00f6nnen die SIM-Karte hier kostenlos auf <a href=\"https:\/\/www.5g-anbieter.info\/details\/callya\" rel=\"noopener nofollow\" target=\"_blank\">www.vodafone.de\/callya bestellen<\/a>. Zum selben Preis, nur mit maximal 300 MBit\/s bietet <a href=\"https:\/\/www.5g-anbieter.info\/details\/o2prepaid\" rel=\"noopener nofollow\" target=\"_blank\">O2<\/a> noch eine weitere M\u00f6glichkeit. Bei der Telekom bekommt man <a href=\"https:\/\/www.5g-anbieter.info\/prepaid\/anbieter\/telekom-5g.html\">f\u00fcr 9.95 \u20ac lediglich 20 GB<\/a>.<\/p>\n<h3><span class=\"ipreis\"><\/span>Die g\u00fcnstigsten 5G-Tarife station\u00e4r f\u00fcr zuhause bzw. unterwegs<\/h3>\n<p>Falls man an einem bestimmten Ort zwar schnelles WLAN braucht, aber der Breitbandausbau noch nicht auf der H\u00f6he der Zeit angekommen ist, kann 5G ebenfalls helfen mit station\u00e4r- bzw. quasistation\u00e4ren Tarifen. Einfach SIM-Karte in den Router und es kann losgehen!<\/p>\n<p>&nbsp;<\/p>\n<p><img decoding=\"async\" src=\"https:\/\/www.5g-anbieter.info\/5g-news\/wp-content\/uploads\/2023\/07\/gigacube-1.webp\" alt=\"Gigacube\" loading=\"lazy\"><\/p>\n<p>&nbsp;<\/p>\n<p>Das g\u00fcnstigste Angebot stammt von O2: Des Paket <a href=\"https:\/\/www.5g-anbieter.info\/details\/o2homespot\" rel=\"noopener nofollow\" target=\"_blank\">O2 Home S<\/a> \u00fcber 5G verspricht bis 50 Mbit\/s inklusive Sprachflatrate innerhalb Deutschlands f\u00fcr nur 34.99 \u20ac monatlich. Eine Begrenzung beim Datenvolumen gibt es nicht. Die n\u00e4chst g\u00fcnstigste Alternative <a href=\"https:\/\/www.5g-anbieter.info\/zuhause\/vodafone\/gigacube-5g.html\">hei\u00dft Gigacube<\/a> und stammt von Vodafone. 100 GB monatlich kosten hier 36.99 \u20ac. Im Gegensatz zu O2, kann man den Router \u00fcberall in Deutschland nutzen und nicht nur zu Hause &#8230;<\/p>\n<h3>Das k\u00f6nnte Sie noch interessieren:<\/h3>\n<p>&raquo; <a href=\"https:\/\/www.5g-anbieter.info\/5g-news\/5g-tarife-unlimitiert-ratgeber\">Gibt es schon 5G-Tarife mit unlimitiertem Volumen<\/a><br \/>\n&raquo; <a href=\"https:\/\/www.5g-anbieter.info\/5g-news\/hat-blau-de-schon-5g\">Bietet Blau.de eigentlich schon 5G?<\/a><\/p>\n<div style='text-align:center' class='yasr-auto-insert-visitor'><\/div>","protected":false},"excerpt":{"rendered":"<p>Hier gibts 5G schon zum Kampfpreis&#8230; &nbsp; &nbsp; 5G ist besonders schnell aber teuer? Diese Binsenweisheit galt zwar in den ersten Monaten als 5G vor 6 Jahren ans Netz ging. Doch mittlerweile gibt es bereits echte Schn\u00e4ppchen. Sie werden \u00fcberrascht sein, wie g\u00fcnstig man schon mit 5G surfen und telefonieren kann! Da man die Funktechnik [&hellip;]<\/p>\n","protected":false},"author":1,"featured_media":0,"parent":0,"menu_order":0,"comment_status":"closed","ping_status":"closed","template":"","meta":{"yasr_overall_rating":0,"yasr_post_is_review":"","yasr_auto_insert_disabled":"","yasr_review_type":"","iawp_total_views":63,"footnotes":""},"class_list":["post-10391","page","type-page","status-publish","hentry"],"yasr_visitor_votes":{"stars_attributes":{"read_only":false,"span_bottom":false},"number_of_votes":3,"sum_votes":9},"jetpack_shortlink":"https:\/\/wp.me\/P6PABz-2HB","jetpack_sharing_enabled":true,"_links":{"self":[{"href":"https:\/\/www.5g-anbieter.info\/5g-news\/wp-json\/wp\/v2\/pages\/10391","targetHints":{"allow":["GET"]}}],"collection":[{"href":"https:\/\/www.5g-anbieter.info\/5g-news\/wp-json\/wp\/v2\/pages"}],"about":[{"href":"https:\/\/www.5g-anbieter.info\/5g-news\/wp-json\/wp\/v2\/types\/page"}],"author":[{"embeddable":true,"href":"https:\/\/www.5g-anbieter.info\/5g-news\/wp-json\/wp\/v2\/users\/1"}],"replies":[{"embeddable":true,"href":"https:\/\/www.5g-anbieter.info\/5g-news\/wp-json\/wp\/v2\/comments?post=10391"}],"version-history":[{"count":5,"href":"https:\/\/www.5g-anbieter.info\/5g-news\/wp-json\/wp\/v2\/pages\/10391\/revisions"}],"predecessor-version":[{"id":13693,"href":"https:\/\/www.5g-anbieter.info\/5g-news\/wp-json\/wp\/v2\/pages\/10391\/revisions\/13693"}],"wp:attachment":[{"href":"https:\/\/www.5g-anbieter.info\/5g-news\/wp-json\/wp\/v2\/media?parent=10391"}],"curies":[{"name":"wp","href":"https:\/\/api.w.org\/{rel}","templated":true}]}}