{"id":9156,"date":"2026-02-03T10:40:42","date_gmt":"2026-02-03T09:40:42","guid":{"rendered":"https:\/\/www.5g-anbieter.info\/5g-news\/?page_id=9156"},"modified":"2026-04-02T10:04:52","modified_gmt":"2026-04-02T08:04:52","slug":"hat-congstar-schon-5g","status":"publish","type":"page","link":"https:\/\/www.5g-anbieter.info\/5g-news\/hat-congstar-schon-5g","title":{"rendered":"Hat congstar schon 5G?"},"content":{"rendered":"<h2>Alles zum Thema 5G bei congstar<\/h2>\n<p>&nbsp;<\/p>\n<p><img decoding=\"async\" src=\"https:\/\/www.5g-anbieter.info\/5g-news\/wp-content\/uploads\/2023\/01\/congstar-5g.webp\" alt=\"Congstar 5G?\" fetchpriority=\"high\"><\/p>\n<p>&nbsp;<\/p>\n<p><a href=\"https:\/\/www.5g-anbieter.info\/provider\/congstar\/5g-congstar.html\" data-internallinksmanager029f6b8e52c=\"5\" title=\"congstar 5G-Tarife zeigen\">Congstar<\/a> geh\u00f6rt zweifelslos zu den beliebtesten und g\u00fcnstigsten Mobilfunkanbietern in Deutschland. Doch die Frage die sich viele Interessenten stellen ist: Bietet congstar eigentlich schon den neusten Funkstandard, sprich 5G? Hier erfahren Sie alles zum aktuellen Stand.<!--more--><\/p>\n<h3>Welches Netz hat congstar?<\/h3>\n<p>Zun\u00e4chst wollen wir die wichtige Frage kl\u00e4ren, welches Netz denn eigentlich bei congstar zum Einsatz kommt. Schlie\u00dflich betreibt das Unternehmen kein eigenes. In Deutschland gibt es bislang nur vier Mobilfunknetzbetreiber \u2013 <a href=\"https:\/\/www.5g-anbieter.info\/provider\/vodafone\/5g-vodafone.html\" data-internallinksmanager029f6b8e52c=\"1\" title=\"5G Tarife von Vodafone zeigen\">Vodafone<\/a>, O2, <a href=\"https:\/\/www.5g-anbieter.info\/provider\/1und1\/5g-1und1.html\" data-internallinksmanager029f6b8e52c=\"4\" title=\"5G Tarife von 1und1 vergleichen\">1und1<\/a> (noch im Anfangsstadium) und die <a href=\"https:\/\/www.5g-anbieter.info\/provider\/telekom\/5g-telekom.html\" data-internallinksmanager029f6b8e52c=\"2\" title=\"5G-Tarife der Telekom zeigen\">Deutsche Telekom<\/a>. Da es sich bei congstar um eine Tochterfirma der Telekom handelt, stellt diese auch das Mobilfunknetz zur Verf\u00fcgung. Alle Congstar-Kunden surfen bzw. telefonieren also mobil im D1-Netz des mehrfachen Testsiegers. Der einzige Unterschied: Die Tarife sind nicht ganz so schnell. Dazu sp\u00e4ter mehr.<\/p>\n<h3>Kann ich bei congstar schon 5G nutzen?<\/h3>\n<p>Bis Mitte 2023 waren congstar-Nutzer tats\u00e4chlich au\u00dfen vor in Punkto 5G! Doch weit schneller als gedacht, f\u00fchrte congstar den neusten Funkstandard ein. Mittlerweile ist in allen <a href=\"https:\/\/www.5g-anbieter.info\/details\/congstar\" rel=\"noopener nofollow\" target=\"_blank\">congstar Allnetflats hier auf www.constar.de<\/a> 5G enthalten.<\/p>\n<p>&nbsp;<\/p>\n<p>Wer allerding glaubt, nun mit \u00fcber 500 MBit\/s mobil unterwegs zu sein, wird leider entt\u00e4uscht. Congstar beschr\u00e4nkt die Geschwindigkeit auf 50 MBit\/s. Im Alltag gen\u00fcgt dies aber vollkommen. Theoretisch k\u00f6nnte man damit vier 4K-Videosstreams gleichzeitig schauen, was wohl aber kaum jemand unterwegs vorhaben d\u00fcrfte. Zudem profitieren Sie von der besseren Netzversorgung, schnelleren Reaktionszeiten und <a href=\"https:\/\/www.5g-anbieter.info\/strom\/5g-akku-laufzeit.html\">geringerem Akkuverbrauch<\/a>. \u00dcber die Speedoption, l\u00e4sst sich die Datenrate aber f\u00fcr 3 \u20ac monatlich auf 100 MBit steigern.<\/p>\n<p>&nbsp;<\/p>\n<p>\u00dcbrigens: Auch bei den Prepaid-Tarifen ist 5G inklusive, allerdings nur mit 25 MBit\/s, also deutlich angezogener Handbremse!<\/p>\n<h3>Auch Homespot mit 5G<\/h3>\n<p>Internet f\u00fcr \u00fcberall &#8211; zuhause wie unterwegs &#8211; das versprechen die <a href=\"https:\/\/www.5g-anbieter.info\/zuhause\/congstar\/homespot-5g.html\">congstar Homesspot Tarife<\/a>. Von Haus aus bieten die Angebote <a href=\"https:\/\/www.5g-anbieter.info\/lte\/\" data-internallinksmanager029f6b8e52c=\"66\" title=\"LTE\">LTE<\/a> und 5G mit 50 MBit. F\u00fcr 100 MBit\/s muss man 3 \u20ac monatlich drauflegen.<\/p>\n<h3>Alternativen zum kleinen Preis<\/h3>\n<p>Es gibt aber noch eine attraktive Alternative. Unser Tipp: Das Prepaid-Angebot der Telekom <a href=\"https:\/\/www.5g-anbieter.info\/details\/telekomprepaid\" rel=\"noopener nofollow\" target=\"_blank\">unter www.telekom.de\/prepaid<\/a>. Auch hier ist 5G ohne Aufpreis schon enthalten. Eine Allnetflat mit 20 GB z.B. f\u00fcr <a href=\"https:\/\/www.5g-anbieter.info\/prepaid\/5g-prepaid-tarife.html\">moderate 9.95 \u20ac im Monat<\/a>. Direkt bei congstar sind es dagegen mit einem Laufzeittarif inklusive 5G nur 10 \u20ac f\u00fcr 30 GB. Zudem ist bei MagentaMobil Prepaid noch eine WLAN-Hotspot Flat mit inklusive und man surft bei LTE bereits mit bis 300 MBit\/s. Per 5G sind prinzipiell im Telekomnetz schon \u00fcber 1000 MBit\/s m\u00f6glich.<\/p>\n<h3>aktuellen Congstar Tarife f\u00fcrs Smartphone im \u00dcberblick<\/h3>\n<p>F\u00fcr alle unentschlossenen, haben wir hier alle congstar-Tarife f\u00fcrs Smartphone im \u00dcberblick zusammengestellt. Wer lieber alle Anbieter vergleichen will, kommt dagegen <a href=\"https:\/\/www.5g-anbieter.info\/allnet\/5g-allnetflat-vergleich.html\">hier zum gro\u00dfen Tarifvergleich<\/a>.<\/p>\n<p>&nbsp;<\/p>\n<p><script type=\"text\/javascript\" src=\"https:\/\/www.tariffuxx.de\/tools\/view\/twl-mobile?tool_id=362\" id=\"twl-mobile-362\"><\/script><br \/>\n<noscript>Bitte aktivieren Sie JavaScript, um die Congstar-Tarife zu sehen.<\/noscript><\/p>\n<div class=\"highlight2\">\n<div align=\"center\">\n<p>Sollte wieder erwarten kein Angebot dabei sein, was Ihnen zusagt, empfehlen wir den Blick <a href=\"https:\/\/www.5g-anbieter.info\/allnet\/5g-allnetflat-vergleich.html\">hier auf unseren Tarifvergleich f\u00fcr alle Angebote mit 5G<\/a>.<\/div>\n<\/div>\n<h3>Das k\u00f6nnte Sie noch interessieren:<\/h3>\n<p>&raquo; <a href=\"https:\/\/www.5g-anbieter.info\/5g-news\/hat-lidl-schon-5g\">Hat LIDL eigentlich 5G?<\/a><br \/>\n&raquo; <a href=\"https:\/\/www.5g-anbieter.info\/5g-news\/hat-tchibo-schon-5g\">Wie stehts mit 5G bei Tchibo?<\/a><br \/>\n&raquo; <a href=\"https:\/\/www.5g-anbieter.info\/5g-news\/hat-aldi-talk-schon-5g\">Hat Aldi-Talk schon 5G?<\/a><br \/>\n&raquo; <a href=\"https:\/\/www.5g-anbieter.info\/tarife\/kostenlos-5g.html\">Gibt es auch kostenlose 5G-Tarife?<\/a><\/p>\n<div style='text-align:center' class='yasr-auto-insert-visitor'><\/div>","protected":false},"excerpt":{"rendered":"<p>Alles zum Thema 5G bei congstar &nbsp; &nbsp; Congstar geh\u00f6rt zweifelslos zu den beliebtesten und g\u00fcnstigsten Mobilfunkanbietern in Deutschland. Doch die Frage die sich viele Interessenten stellen ist: Bietet congstar eigentlich schon den neusten Funkstandard, sprich 5G? Hier erfahren Sie alles zum aktuellen Stand.<\/p>\n","protected":false},"author":1,"featured_media":0,"parent":0,"menu_order":0,"comment_status":"closed","ping_status":"closed","template":"","meta":{"yasr_overall_rating":0,"yasr_post_is_review":"","yasr_auto_insert_disabled":"","yasr_review_type":"","iawp_total_views":211,"footnotes":""},"class_list":["post-9156","page","type-page","status-publish","hentry"],"yasr_visitor_votes":{"stars_attributes":{"read_only":false,"span_bottom":false},"number_of_votes":8,"sum_votes":18},"jetpack_shortlink":"https:\/\/wp.me\/P6PABz-2nG","jetpack_sharing_enabled":true,"_links":{"self":[{"href":"https:\/\/www.5g-anbieter.info\/5g-news\/wp-json\/wp\/v2\/pages\/9156","targetHints":{"allow":["GET"]}}],"collection":[{"href":"https:\/\/www.5g-anbieter.info\/5g-news\/wp-json\/wp\/v2\/pages"}],"about":[{"href":"https:\/\/www.5g-anbieter.info\/5g-news\/wp-json\/wp\/v2\/types\/page"}],"author":[{"embeddable":true,"href":"https:\/\/www.5g-anbieter.info\/5g-news\/wp-json\/wp\/v2\/users\/1"}],"replies":[{"embeddable":true,"href":"https:\/\/www.5g-anbieter.info\/5g-news\/wp-json\/wp\/v2\/comments?post=9156"}],"version-history":[{"count":5,"href":"https:\/\/www.5g-anbieter.info\/5g-news\/wp-json\/wp\/v2\/pages\/9156\/revisions"}],"predecessor-version":[{"id":13695,"href":"https:\/\/www.5g-anbieter.info\/5g-news\/wp-json\/wp\/v2\/pages\/9156\/revisions\/13695"}],"wp:attachment":[{"href":"https:\/\/www.5g-anbieter.info\/5g-news\/wp-json\/wp\/v2\/media?parent=9156"}],"curies":[{"name":"wp","href":"https:\/\/api.w.org\/{rel}","templated":true}]}}