{"id":9181,"date":"2026-02-04T11:59:43","date_gmt":"2026-02-04T10:59:43","guid":{"rendered":"https:\/\/www.5g-anbieter.info\/5g-news\/?page_id=9181"},"modified":"2026-02-04T14:55:43","modified_gmt":"2026-02-04T13:55:43","slug":"hat-lidl-schon-5g","status":"publish","type":"page","link":"https:\/\/www.5g-anbieter.info\/5g-news\/hat-lidl-schon-5g","title":{"rendered":"Hat LIDL Connect schon 5G?"},"content":{"rendered":"<h2>Alles zum Thema 5G bei LIDL<\/h2>\n<p>Der Lebensmitteldiscounter LIDL betreibt eines der hierzulande beliebtesten Mobilfunk-Angebote. Gemeint ist <a href=\"https:\/\/www.5g-anbieter.info\/prepaid\/anbieter\/lidl-connect-5g.html\" data-internallinksmanager029f6b8e52c=\"76\" title=\"alles zum Prepaid-Angebot mit 5G von Lidl\">Lidl Connect<\/a>. G\u00fcnstige Telefonie bzw. mobiles Internet am Smartphone per Prepaid. Doch bieten die Lidl-Handytarife eigentlich schon 5G?<!--more--><\/p>\n<p>&nbsp;<\/p>\n<p><img decoding=\"async\" src=\"https:\/\/www.5g-anbieter.info\/5g-news\/wp-content\/uploads\/2023\/01\/lidl-connect-5g.webp\" alt=\"Lidl 5G\" fetchpriority=\"high\"><\/p>\n<h3>Welches Netz hat LIDL aktuell (2026)?<\/h3>\n<div class=\"pic_r\"><img decoding=\"async\" src=\"https:\/\/www.5g-anbieter.info\/5g-news\/wp-content\/uploads\/2023\/01\/lidl-connect.webp\" alt=\"LIDL Connect\" width=\"180\"><\/div>\n<p>Das Unternehmen selbst betreibt nat\u00fcrlich kein eigenes Mobilfunknetz. Daf\u00fcr zeichnen sich in Deutschland aktuelle nur vier Provider verantwortlich. Namentlich die Dt. <a href=\"https:\/\/www.5g-anbieter.info\/provider\/telekom\/5g-telekom.html\" data-internallinksmanager029f6b8e52c=\"2\" title=\"5G-Tarife der Telekom zeigen\">Telekom<\/a>, <a href=\"https:\/\/www.5g-anbieter.info\/provider\/vodafone\/5g-vodafone.html\" data-internallinksmanager029f6b8e52c=\"1\" title=\"5G Tarife von Vodafone zeigen\">Vodafone<\/a>, O2 sowie <a href=\"https:\/\/www.5g-anbieter.info\/provider\/1und1\/5g-1und1.html\" data-internallinksmanager029f6b8e52c=\"4\" title=\"5G Tarife von 1und1 vergleichen\">1&#038;1<\/a>. Letzteres befindet sich aber erst ganz, ganz fr\u00fch im Aufbau und ist praktisch kaum der Rede wert. <a href=\"https:\/\/www.5g-anbieter.info\/prepaid\/anbieter\/lidl-connect-5g.html\">LIDL Connect<\/a> setzt auf Vodafone als Partner \u2013 neben der Telekom also das beste Netz bundesweit!<\/p>\n<h3>Kann ich bei LIDL Connect schon 5G nutzen?<\/h3>\n<p>Der Discounter bietet mehrere Prepaid Smartphone- und Datentarife. Los geht es mit einer Allnetflat und 25 GB Datenvolumen schon ab rund 9 \u20ac monatlich (siehe auch unten). Kunden haben dann Zugriff auf das exzellente Vodafone <a href=\"https:\/\/www.5g-anbieter.info\/lte\/\" data-internallinksmanager029f6b8e52c=\"66\" title=\"LTE\">LTE<\/a>-Netz. Auf 5G m\u00fcssen Sie bei LIDL seit August 2023 \u00fcbrigens <u>nicht<\/u> mehr verzichten. Seither bietet LIDL Zugang zum 5G-Netz in allen &#8222;Smart&#8220; Allnetflat-Tarifen.<\/p>\n<h3>Wie schnell ist 5G bei LIDL?<\/h3>\n<p>Die erzielbare Datenrate bei den LIDL 5G-Tarifen betr\u00e4gt 100 MBit\/s im Download und 25 Mbit\/s im Upstream (senden). Das klingt zun\u00e4chst nach nicht viel, da 5G prinzipiell heute schon fast das zwanzigfache schafft. Im Alltag gen\u00fcgen aber 100 MBit\/s im Normalfall v\u00f6llig. Damit k\u00f6nnte man sogar an vier Tablets gleichzeitig einen 4K-Netflix-Stream anschauen. Im Vergleich zu den alten 4G-only Tarifen (bis Mitte 2023) hat sich die Datenrate bei LIDL vervierfacht! Zuvor betrug der Maximalwert n\u00e4mlich nur 25 MBit\/s. Es ist \u00fcbrigens egal ob man mit LTE oder 5G surft &#8211; es bleibt bei der 50 MBit-Grenze. Daf\u00fcr sind im Schnitt die Reaktionszeiten \u00fcber 5G etwas besser und man profitiert von einer besseren Netzversorgung.<\/p>\n<h3>Wie gut 5G von LIDL ausgebaut?<\/h3>\n<p>Die Abdeckung kann sich sehen lassen! Der Discounter setzt ja wie schon erw\u00e4hnt auf Vodafone als Partner. Dessen Netz deckt per 4G schon \u00fcber 99 Prozent ab. Bei 5G sind es um die 95 Prozent. F\u00fcr eine konkrete Aussage zur Versorgung um den Wohnort, hilft der Blick auf <a href=\"https:\/\/www.5g-anbieter.info\/details\/Vodafonemap\" rel=\"noopener nofollow\" target=\"_blank\">die Netzausbaukarte von VF<\/a>.<\/p>\n<h3>Brauche ich ein neues Smartphone?<\/h3>\n<p>Das kann gut m\u00f6glich sein. Das Modell muss explizit 5G unterst\u00fctzen, was auf fast alle Handys seit ca. 2022 zutrifft. Im Zweifel einfach ins Handbuch schauen.<\/p>\n<h3>Alternativen mit 5G zum kleinen Preis<\/h3>\n<p>Wer auch von den Speedvorteilen der 5. Mobilfunkgeneration profitieren m\u00f6chte, f\u00fcr den haben wir die ideale Alternative: Und zwar das Prepaid-Angebot direkt von Vodafone namens <a href=\"https:\/\/www.5g-anbieter.info\/5g-news\/hat-callya-eigentlich-schon-5g\">Callya<\/a>. Hier kostet die 25 GB Allnetflat nur 2 \u20ac mehr im Monat, bietet daf\u00fcr aber vollen Highspeed 5G-Zugang. Bei LIDL Connect ist die Datenrate ja auf 100 MBit\/s limitiert. \u00dcber <a href=\"https:\/\/www.5g-anbieter.info\/prepaid\/anbieter\/callya-5g.html\" data-internallinksmanager029f6b8e52c=\"74\" title=\"alles zu den 5G-Callya Tarifen von Vodafone\">Callya<\/a> 4G sind 300 MBit\/s m\u00f6glich, per 5G prinzipiell sogar \u00fcber 1000 MBit\/s! Und das alles f\u00fcr knapp 10 \u20ac im Monat! Die <u>kostenlose Freikarte<\/u> k\u00f6nnen Sie <a href=\"https:\/\/www.5g-anbieter.info\/details\/callya\" rel=\"noopener nofollow\" target=\"_blank\">hier auf www.vodafone.de\/callya bestellen<\/a>.<\/p>\n<h3>Das sind die aktuellen LIDL-Tarife f\u00fcrs Smartphone im \u00dcberblick:<\/h3>\n<p><script type=\"text\/javascript\" src=\"https:\/\/www.tariffuxx.de\/tools\/view\/twl-mobile?tool_id=378\" id=\"twl-mobile-378\"><\/script><br \/>\n<noscript>Bitte aktivieren Sie JavaScript, um die LIDL-Tarife zu sehen.<\/noscript><\/p>\n<h3>Das k\u00f6nnte Sie noch interessieren:<\/h3>\n<p>&raquo; <a href=\"https:\/\/www.5g-anbieter.info\/5g-news\/hat-blau-de-schon-5g\">Gibts bei Blau 5G?<\/a><br \/>\n&raquo; <a href=\"https:\/\/www.5g-anbieter.info\/5g-news\/hat-congstar-schon-5g\">Wie stehts mit 5G bei congstar?<\/a><br \/>\n&raquo; <a href=\"https:\/\/www.5g-anbieter.info\/5g-news\/hat-aldi-talk-schon-5g\">Bietet Aldi schon 5G?<\/a><br \/>\n&raquo; <a href=\"https:\/\/www.5g-anbieter.info\/tarife\/kostenlos-5g.html\">Gibt es auch kostenlose 5G-Tarife?<\/a><\/p>\n<div style='text-align:center' class='yasr-auto-insert-visitor'><\/div>","protected":false},"excerpt":{"rendered":"<p>Alles zum Thema 5G bei LIDL Der Lebensmitteldiscounter LIDL betreibt eines der hierzulande beliebtesten Mobilfunk-Angebote. Gemeint ist Lidl Connect. G\u00fcnstige Telefonie bzw. mobiles Internet am Smartphone per Prepaid. Doch bieten die Lidl-Handytarife eigentlich schon 5G?<\/p>\n","protected":false},"author":1,"featured_media":0,"parent":0,"menu_order":0,"comment_status":"closed","ping_status":"closed","template":"","meta":{"yasr_overall_rating":0,"yasr_post_is_review":"yes","yasr_auto_insert_disabled":"","yasr_review_type":"CreativeWorkSeason","iawp_total_views":174,"footnotes":""},"class_list":["post-9181","page","type-page","status-publish","hentry"],"yasr_visitor_votes":{"stars_attributes":{"read_only":false,"span_bottom":false},"number_of_votes":1,"sum_votes":5},"jetpack_shortlink":"https:\/\/wp.me\/P6PABz-2o5","jetpack_sharing_enabled":true,"_links":{"self":[{"href":"https:\/\/www.5g-anbieter.info\/5g-news\/wp-json\/wp\/v2\/pages\/9181","targetHints":{"allow":["GET"]}}],"collection":[{"href":"https:\/\/www.5g-anbieter.info\/5g-news\/wp-json\/wp\/v2\/pages"}],"about":[{"href":"https:\/\/www.5g-anbieter.info\/5g-news\/wp-json\/wp\/v2\/types\/page"}],"author":[{"embeddable":true,"href":"https:\/\/www.5g-anbieter.info\/5g-news\/wp-json\/wp\/v2\/users\/1"}],"replies":[{"embeddable":true,"href":"https:\/\/www.5g-anbieter.info\/5g-news\/wp-json\/wp\/v2\/comments?post=9181"}],"version-history":[{"count":5,"href":"https:\/\/www.5g-anbieter.info\/5g-news\/wp-json\/wp\/v2\/pages\/9181\/revisions"}],"predecessor-version":[{"id":11343,"href":"https:\/\/www.5g-anbieter.info\/5g-news\/wp-json\/wp\/v2\/pages\/9181\/revisions\/11343"}],"wp:attachment":[{"href":"https:\/\/www.5g-anbieter.info\/5g-news\/wp-json\/wp\/v2\/media?parent=9181"}],"curies":[{"name":"wp","href":"https:\/\/api.w.org\/{rel}","templated":true}]}}