{"id":9206,"date":"2026-02-03T17:18:48","date_gmt":"2026-02-03T16:18:48","guid":{"rendered":"https:\/\/www.5g-anbieter.info\/5g-news\/?page_id=9206"},"modified":"2026-02-04T15:22:50","modified_gmt":"2026-02-04T14:22:50","slug":"hat-tchibo-schon-5g","status":"publish","type":"page","link":"https:\/\/www.5g-anbieter.info\/5g-news\/hat-tchibo-schon-5g","title":{"rendered":"Hat Tchibo Mobil schon 5G?"},"content":{"rendered":"<h1>Alles zum Thema 5G bei Tchibo<\/h1>\n<p>&nbsp;<\/p>\n<p><img decoding=\"async\" src=\"https:\/\/www.5g-anbieter.info\/5g-news\/wp-content\/uploads\/2023\/03\/tchibo-5g.webp\" alt=\"Tchibo mit 5G?\" fetchpriority=\"high\"><\/p>\n<p>&nbsp;<\/p>\n<p>Viele werden es vielleicht wissen \u2013 der Kaffeer\u00f6ster bietet neben R\u00f6stbohnen und allerlei \u201eAlltags-Nippes\u201c schon l\u00e4nger ein waschechtes Mobilfunkangebot. Dieses erfreut sich neben anderen Prepaid-Anbietern wie von <a href=\"https:\/\/www.5g-anbieter.info\/5g-news\/hat-aldi-talk-schon-5g\">Aldi<\/a> oder <a href=\"https:\/\/www.5g-anbieter.info\/5g-news\/hat-lidl-schon-5g\">Lidl Connect<\/a> gr\u00f6\u00dfter Beliebtheit. Doch hat man da \u00fcberhaupt schon den <a href=\"https:\/\/www.5g-anbieter.info\/lte\/\" data-internallinksmanager029f6b8e52c=\"66\" title=\"LTE\">LTE<\/a>-Nachfolger 5G? Wenn ja, was kostet der und welche alternative M\u00f6glichkeiten gibt es noch? <!--more--><\/p>\n<h3>Welches Netz hat Tchibo eigentlich aktuell (2026)?<\/h3>\n<div class=\"pic_r\"><img decoding=\"async\" src=\"https:\/\/www.5g-anbieter.info\/5g-news\/wp-content\/uploads\/2023\/01\/tchibo_logo.webp\" alt=\"Tchibo\" width=\"180\" loading=\"lazy\"><\/div>\n<p>Kommen wir zun\u00e4chst zu der wichtigen Frage, welches Mobilfunknetz <a href=\"https:\/\/www.5g-anbieter.info\/prepaid\/anbieter\/tchibo-5g.html\">Tchibo-Mobil<\/a> nutzt. Denn das Unternehmen betreibt nat\u00fcrlich kein eigenes Netz, sondern setzt wie die meisten dabei auf einen spezifischen Netzbetreiber als Partner. In Deutschland gibt es bislang <a href=\"https:\/\/www.5g-anbieter.info\/provider\/vodafone\/5g-vodafone.html\" data-internallinksmanager029f6b8e52c=\"1\" title=\"5G Tarife von Vodafone zeigen\">Vodafone<\/a>, <a href=\"https:\/\/www.5g-anbieter.info\/provider\/telekom\/5g-telekom.html\" data-internallinksmanager029f6b8e52c=\"2\" title=\"5G-Tarife der Telekom zeigen\">Deutsche Telekom<\/a>, O2 sowie <a href=\"https:\/\/www.5g-anbieter.info\/provider\/1und1\/5g-1und1.html\" data-internallinksmanager029f6b8e52c=\"4\" title=\"5G Tarife von 1und1 vergleichen\">1&#038;1<\/a>. <a href=\"https:\/\/www.5g-anbieter.info\/prepaid\/anbieter\/tchibo-5g.html\" data-internallinksmanager029f6b8e52c=\"81\" title=\"alles zum Prepaid-Angebot mit 5G von Tchibo\">Tchibo<\/a> hat sich schon vor Jahren f\u00fcr O2 entschieden. Alle Kunden von Tchibo-Mobil telefonieren und surfen also mobil \u00fcbers E-Netz von <a href=\"https:\/\/www.5g-anbieter.info\/provider\/o2\/5g-o2.html\" data-internallinksmanager029f6b8e52c=\"3\" title=\"5G-Tarife von O2 zeigen\">O2 Telef\u00f3nica<\/a>.<\/p>\n<h3>Kann ich bei Tchibo schon 5G nutzen?<\/h3>\n<p>Ja tats\u00e4chlich! Bereits seit dem 13.11.2023 bietet Tchibo neben LTE auch schnelles 5G an. Damit \u00f6ffnete der Netzpartner O2 sein 5G-Netz weit eher als zun\u00e4chst vermutet. Tchibokunden surfen also bereits im neusten Netz, sofern alle Voraussetzungen erf\u00fcllt sind (siehe unten). Die maximale Daten\u00fcbertragungsrate wurde seit 5G-Einf\u00fchrung \u00fcbrigens von vormals 25 MBit\/s auf nunmehr 100 MBit\/s vervierfacht. F\u00fcr die meisten Anwendungen reicht das v\u00f6llig aus, obgleich nat\u00fcrlich im 5G-Netz von O2 deutlich mehr m\u00f6glich ist&#8230;<\/p>\n<p>&nbsp;<\/p>\n<div class=\"highlight2\">Bestellbar ist das <a href=\"https:\/\/www.5g-anbieter.info\/details\/tchibo\" rel=\"noopener nofollow\" target=\"_blank\">Tchibo 5G-Starterkit hier \u00fcber www.tchibo.de\/mobilfunk.<\/a><\/div>\n<h3>Wie steht es mit LTE und wie schnell ist das bei Tchibo?<\/h3>\n<p>Auch LTE (4G) ist fester Bestandteil der Tchibo-Tarife und im Preis mit enthalten. Die maximale Datenrate liegt ebenfalls bei 100 MBit\/s. Das ist nicht besonders schnell, aber keineswegs zu langsam. Zum Vergleich: DSL schafft z.B. maximal 16 MBit\/s. F\u00fcr den Durchschnittlichen Nutzer sind 100 MBit\/s meist vollkommen ausreichend. Nur wer sehr h\u00e4ufig gro\u00dfe Datenmengen bewegt oder Videos stream, sollte sich vielleicht nach etwas mehr umsehen.<\/p>\n<h3>Voraussetzungen<\/h3>\n<p>Um 5G von Tchibo nutzen zu k\u00f6nnen, muss nat\u00fcrlich vor Ort zun\u00e4chst der Netzausbau von O2 schon entsprechend vorgeschritten sein. Ob das der Fall ist, zeigt ein Blick auf <a href=\"https:\/\/www.5g-anbieter.info\/details\/O2Karte\" target=\"_blank\" rel=\"nofollow noopener\">die O2-Netzkarte<\/a>. Die zweite Bedingung betrifft Ihr Smartphone, welches 5G-f\u00e4hig sein muss. Das trifft heute auf fast alle Modelle \u00fcber 150 \u20ac zu&#8230;<\/p>\n<h3>Alternative mit 5G zum kleinen Preis<\/h3>\n<p>Es gibt nat\u00fcrlich noch andere interessante Prepaid-Anbieter mit 5G. Unser Tipp: <a href=\"https:\/\/www.5g-anbieter.info\/prepaid\/anbieter\/callya-5g.html\">Vodafones Callya<\/a>. Das Prepaidangebot bietet von Haus aus LTE mit bis zu 300 Mbit\/s und 5G ohne Aufpreis. Los geht\u2019s mit einer echten Allnetflat mit \t25 GB Datenvolumen schon ab 10 \u20ac im Monat. Eine <a href=\"https:\/\/www.5g-anbieter.info\/details\/callya\" rel=\"noopener nofollow\" target=\"_blank\">kostenlose Freikarte k\u00f6nnen Interessenten hier bestellen<\/a>.<\/p>\n<h3>Aktuelle Tchibo Tarife f\u00fcrs Smartphone im \u00dcberblick:<\/h3>\n<p><script type=\"text\/javascript\" src=\"https:\/\/www.tariffuxx.de\/tools\/view\/twl-mobile?tool_id=381\" id=\"twl-mobile-381\"><\/script><br \/>\n<noscript>Bitte aktivieren Sie JavaScript, um die Tchibo-Tarif\u00fcbersicht zu sehen.<\/noscript><\/p>\n<h3>Das k\u00f6nnte Sie noch interessieren:<\/h3>\n<p>&raquo; <a href=\"https:\/\/www.5g-anbieter.info\/5g-news\/hat-sim-de-schon-5g\">Hat SIM.de schon 5G?<\/a><br \/>\n&raquo; <a href=\"https:\/\/www.5g-anbieter.info\/5g-news\/hat-blau-de-schon-5g\">Gibt es bei Blau 5G?<\/a><br \/>\n&raquo; <a href=\"https:\/\/www.5g-anbieter.info\/5g-news\/hat-congstar-schon-5g\">5G auch bei congstar?<\/a><br \/>\n&raquo; <a href=\"https:\/\/www.5g-anbieter.info\/tarife\/kostenlos-5g.html\">Gibt es auch kostenlose 5G-Tarife?<\/a><\/p>\n<div style='text-align:center' class='yasr-auto-insert-visitor'><\/div>","protected":false},"excerpt":{"rendered":"<p>Alles zum Thema 5G bei Tchibo &nbsp; &nbsp; Viele werden es vielleicht wissen \u2013 der Kaffeer\u00f6ster bietet neben R\u00f6stbohnen und allerlei \u201eAlltags-Nippes\u201c schon l\u00e4nger ein waschechtes Mobilfunkangebot. Dieses erfreut sich neben anderen Prepaid-Anbietern wie von Aldi oder Lidl Connect gr\u00f6\u00dfter Beliebtheit. Doch hat man da \u00fcberhaupt schon den LTE-Nachfolger 5G? Wenn ja, was kostet der [&hellip;]<\/p>\n","protected":false},"author":1,"featured_media":0,"parent":0,"menu_order":0,"comment_status":"closed","ping_status":"closed","template":"","meta":{"yasr_overall_rating":0,"yasr_post_is_review":"yes","yasr_auto_insert_disabled":"","yasr_review_type":"CreativeWorkSeason","iawp_total_views":741,"footnotes":""},"class_list":["post-9206","page","type-page","status-publish","hentry"],"yasr_visitor_votes":{"stars_attributes":{"read_only":false,"span_bottom":false},"number_of_votes":0,"sum_votes":0},"jetpack_shortlink":"https:\/\/wp.me\/P6PABz-2ou","jetpack_sharing_enabled":true,"_links":{"self":[{"href":"https:\/\/www.5g-anbieter.info\/5g-news\/wp-json\/wp\/v2\/pages\/9206","targetHints":{"allow":["GET"]}}],"collection":[{"href":"https:\/\/www.5g-anbieter.info\/5g-news\/wp-json\/wp\/v2\/pages"}],"about":[{"href":"https:\/\/www.5g-anbieter.info\/5g-news\/wp-json\/wp\/v2\/types\/page"}],"author":[{"embeddable":true,"href":"https:\/\/www.5g-anbieter.info\/5g-news\/wp-json\/wp\/v2\/users\/1"}],"replies":[{"embeddable":true,"href":"https:\/\/www.5g-anbieter.info\/5g-news\/wp-json\/wp\/v2\/comments?post=9206"}],"version-history":[{"count":5,"href":"https:\/\/www.5g-anbieter.info\/5g-news\/wp-json\/wp\/v2\/pages\/9206\/revisions"}],"predecessor-version":[{"id":13648,"href":"https:\/\/www.5g-anbieter.info\/5g-news\/wp-json\/wp\/v2\/pages\/9206\/revisions\/13648"}],"wp:attachment":[{"href":"https:\/\/www.5g-anbieter.info\/5g-news\/wp-json\/wp\/v2\/media?parent=9206"}],"curies":[{"name":"wp","href":"https:\/\/api.w.org\/{rel}","templated":true}]}}