{"id":9729,"date":"2026-02-03T15:00:55","date_gmt":"2026-02-03T14:00:55","guid":{"rendered":"https:\/\/www.5g-anbieter.info\/5g-news\/?page_id=9729"},"modified":"2026-02-04T15:04:42","modified_gmt":"2026-02-04T14:04:42","slug":"bietet-fonic-schon-5g","status":"publish","type":"page","link":"https:\/\/www.5g-anbieter.info\/5g-news\/bietet-fonic-schon-5g","title":{"rendered":"Hat FONIC schon 5G?"},"content":{"rendered":"<h2>Alles zum Thema 5G bei FONIC<\/h2>\n<p>FONIC geh\u00f6rt mit zu einen der \u00e4ltesten und bekanntesten Mobilfunkanbietern in Deutschland. Das Angebot umfasst preiswerte Smartphone Allnetflats auf Prepaidbasis. Doch bietet FONIC eigentlich schon das neue 5G? Und was kostet 5G bei FONIC? Alles dazu hier im Ratgeber!<!--more--><\/p>\n<p>&nbsp;<\/p>\n<p><img decoding=\"async\" src=\"https:\/\/www.5g-anbieter.info\/5g-news\/wp-content\/uploads\/2023\/03\/fonic-5g.webp\" alt=\"Fonic 5G\" fetchpriority=\"high\" ><\/p>\n<h3>Welches Netz hat Fonic?<\/h3>\n<div class=\"pic_r\"><img decoding=\"async\" src=\"https:\/\/www.5g-anbieter.info\/5g-news\/wp-content\/uploads\/2023\/03\/fonic.webp\" alt=\"FONIC\" width=\"160\"><\/div>\n<p>Beim Mobilfunkdiscounter FONIC handelt es sich bereits seit 20216 um eine Tochtermarke von O2. Ein eigenes Netz unterh\u00e4lt das Unternehmen nicht. Die Basis f\u00fcr alle Tarife ist das Netz der Konzernmutter, also O2\u00b4s E-Netz. Dessen Verf\u00fcgbarkeit und Qualit\u00e4t hat in den letzten Jahren deutliche Fortschritte gemacht und holt auch in unabh\u00e4ngigen Tests immer mehr zu <a href=\"https:\/\/www.5g-anbieter.info\/provider\/telekom\/5g-telekom.html\" data-internallinksmanager029f6b8e52c=\"2\" title=\"5G-Tarife der Telekom zeigen\">Telekom<\/a> und <a href=\"https:\/\/www.5g-anbieter.info\/provider\/vodafone\/5g-vodafone.html\" data-internallinksmanager029f6b8e52c=\"1\" title=\"5G Tarife von Vodafone zeigen\">Vodafone<\/a> aus.<\/p>\n<h3>Kann ich bei Fonic schon 5G nutzen?<\/h3>\n<p>Ja, Anfang 2025 startete auch Fonic endlich ins 5G-Zeitalter. Somit profitieren auch Fonic-Nutzer ohne Aufpreis vom <a href=\"https:\/\/www.5g-anbieter.info\/lte\/\" data-internallinksmanager029f6b8e52c=\"66\" title=\"LTE\">LTE<\/a>-Nachfolgestandard. Die Datenrate liegt aber weiterhin bei maximal 50 MBit\/s. Daf\u00fcr profitiert man aber von schnelleren Reaktionszeiten und wengier <a href=\"https:\/\/www.5g-anbieter.info\/strom\/5g-akku-laufzeit.html\" data-internallinksmanager029f6b8e52c=\"73\" title=\"Ist 5G gut oder schlecht f\u00fcr den Smartphone-Akku?\">Akkuverbrauch<\/a>. Das O2 5G-Netz ist zudem <a href=\"https:\/\/www.5g-anbieter.info\/verfuegbarkeit\/o2-5g-verfuegbarkeit-testen.html\">bereits hervorragend ausgebaut<\/a> und n\u00e4hert sich langsam der 100% Marke.<\/p>\n<h3>Wie steht es mit LTE und wie schnell ist das bei Fonic?<\/h3>\n<p>LTE ist dagegen schon seit \u00fcber 9 Jahren fester Bestandteil aller Fonic-Tarife. Die m\u00f6gliche Daten\u00fcbertragungsrate betr\u00e4gt ebenfalls 50 MBit\/s (25 MBit Up). Das gen\u00fcgt im Alltag in der Regel v\u00f6llig. Wer mehr Power will, wird aber nur bei wenigen Prepaid-Tarifen f\u00fcndig. Siehe folgend.<\/p>\n<h3>Alternative mit 5G zum Sparpreis<\/h3>\n<p>Einer der M\u00f6glichen <a href=\"https:\/\/www.5g-anbieter.info\/prepaid\/5g-prepaid-tarife.html\">Prepaid-Alternativen mit 5G<\/a> ist <a href=\"https:\/\/www.5g-anbieter.info\/5g-news\/hat-callya-eigentlich-schon-5g\">Callya<\/a> von Vodafone. Hier gibt\u2019s 5G-Intenret ohne Aufpreis mit open end Datenrate \u2013 also rein technisch limitiert. Aktuell sind um die 1000 MBit\/s im Optimalfall m\u00f6glich. Eine Allnetflat startet hier schon bei rund 10 \u20ac. Eine <a href=\"https:\/\/www.5g-anbieter.info\/details\/callya\" rel=\"noopener nofollow\" target=\"_blank\">kostenlose Callya Starter-SIM kann hier bestellt werden<\/a>. Weitere <a href=\"https:\/\/www.5g-anbieter.info\/prepaid\/5g-prepaid-tarife.html\">Prepaid-Anbieter mit 5G finden Sie hier im Vergleich<\/a>.<\/p>\n<h3>Das sind die aktuellen Fonic-Tarife f\u00fcrs Smartphone im \u00dcberblick:<\/h3>\n<p><script type=\"text\/javascript\" src=\"https:\/\/www.tariffuxx.de\/tools\/view\/twl-mobile?tool_id=450\" id=\"twl-mobile-450\"><\/script><br \/>\n<noscript>Bitte aktivieren Sie JavaScript, um den Tarifvergleich zu nutzen.<\/noscript><\/p>\n<h3>Das k\u00f6nnte Sie noch interessieren:<\/h3>\n<p>&raquo; <a href=\"https:\/\/www.5g-anbieter.info\/prepaid\/datentarife-prepaid-5g.html\">Gibt es schon Prepaid Datentarife mit 5G?<\/a><br \/>\n&raquo; <a href=\"https:\/\/www.5g-anbieter.info\/5g-news\/hat-tchibo-schon-5g\">Wie stehts mit 5G bei Tchibo?<\/a><br \/>\n&raquo; <a href=\"https:\/\/www.5g-anbieter.info\/tarife\/kostenlos-5g.html\">Gibt es auch kostenlose 5G-Tarife?<\/a><br \/>\n&raquo; <a href=\"https:\/\/www.5g-anbieter.info\/5g-news\/was-sind-die-guenstigsten-5g-tarife\">Was ist der billigste 5G-Tarif?<\/a><\/p>\n<div style='text-align:center' class='yasr-auto-insert-visitor'><\/div>","protected":false},"excerpt":{"rendered":"<p>Alles zum Thema 5G bei FONIC FONIC geh\u00f6rt mit zu einen der \u00e4ltesten und bekanntesten Mobilfunkanbietern in Deutschland. Das Angebot umfasst preiswerte Smartphone Allnetflats auf Prepaidbasis. Doch bietet FONIC eigentlich schon das neue 5G? Und was kostet 5G bei FONIC? Alles dazu hier im Ratgeber!<\/p>\n","protected":false},"author":1,"featured_media":0,"parent":0,"menu_order":0,"comment_status":"closed","ping_status":"closed","template":"","meta":{"yasr_overall_rating":0,"yasr_post_is_review":"yes","yasr_auto_insert_disabled":"","yasr_review_type":"CreativeWorkSeries","iawp_total_views":2412,"footnotes":""},"class_list":["post-9729","page","type-page","status-publish","hentry"],"yasr_visitor_votes":{"stars_attributes":{"read_only":false,"span_bottom":false},"number_of_votes":3,"sum_votes":14},"jetpack_shortlink":"https:\/\/wp.me\/P6PABz-2wV","jetpack_sharing_enabled":true,"_links":{"self":[{"href":"https:\/\/www.5g-anbieter.info\/5g-news\/wp-json\/wp\/v2\/pages\/9729","targetHints":{"allow":["GET"]}}],"collection":[{"href":"https:\/\/www.5g-anbieter.info\/5g-news\/wp-json\/wp\/v2\/pages"}],"about":[{"href":"https:\/\/www.5g-anbieter.info\/5g-news\/wp-json\/wp\/v2\/types\/page"}],"author":[{"embeddable":true,"href":"https:\/\/www.5g-anbieter.info\/5g-news\/wp-json\/wp\/v2\/users\/1"}],"replies":[{"embeddable":true,"href":"https:\/\/www.5g-anbieter.info\/5g-news\/wp-json\/wp\/v2\/comments?post=9729"}],"version-history":[{"count":5,"href":"https:\/\/www.5g-anbieter.info\/5g-news\/wp-json\/wp\/v2\/pages\/9729\/revisions"}],"predecessor-version":[{"id":13641,"href":"https:\/\/www.5g-anbieter.info\/5g-news\/wp-json\/wp\/v2\/pages\/9729\/revisions\/13641"}],"wp:attachment":[{"href":"https:\/\/www.5g-anbieter.info\/5g-news\/wp-json\/wp\/v2\/media?parent=9729"}],"curies":[{"name":"wp","href":"https:\/\/api.w.org\/{rel}","templated":true}]}}