{"id":9737,"date":"2026-02-02T15:59:57","date_gmt":"2026-02-02T14:59:57","guid":{"rendered":"https:\/\/www.5g-anbieter.info\/5g-news\/?page_id=9737"},"modified":"2026-02-04T15:06:11","modified_gmt":"2026-02-04T14:06:11","slug":"bietet-freenet-schon-5g","status":"publish","type":"page","link":"https:\/\/www.5g-anbieter.info\/5g-news\/bietet-freenet-schon-5g","title":{"rendered":"Hat FREENET schon 5G?"},"content":{"rendered":"<h2>Alles zum Thema 5G bei Freenet<\/h2>\n<p>Die Marke \u201eFreenet\u201c geh\u00f6rt mittlerweile zu den beliebtesten Mobilfunkmarken in Deutschland. Der Anbieter hat gleich eine ganze Reihe von Tarifangeboten \u2013 teils zu sehr g\u00fcnstigen Konditionen &#8211; in der Produktpipeline. Doch wie sieht es eigentlich mit 5G aus? Gibt\u2019s den flotten Datenturbo auch f\u00fcr Freenet-Kunden? Wir zeigen was m\u00f6glich ist und wieviel das kostet.<!--more--><\/p>\n<h3>Welches Netz hat Freenet aktuell (2026)?<\/h3>\n<div class=\"pic_r\"><img decoding=\"async\" src=\"https:\/\/www.5g-anbieter.info\/5g-news\/wp-content\/uploads\/2023\/03\/freenet.webp\" alt=\"Freenet\" width=\"170\"><\/div>\n<p>In einem Satz l\u00e4sst sich das garnicht beantworten, denn es gibt insgesamt vier \u201eSub-Marken\u201c hinter denen stets die &#8222;klarmobile GmbH&#8220; steht. Neben <span class=\"ihand\">&#8222;<a href=\"https:\/\/www.5g-anbieter.info\/details\/freenetmobil\" rel=\"noopener nofollow\" target=\"_blank\">Freenet Mobile<\/a>&#8222;<\/span> noch <span class=\"ihand\">&#8222;<a href=\"https:\/\/www.5g-anbieter.info\/provider\/freenet\/funk.html\" target=\"_blank\">Freenet FUNK<\/a>&#8222;<\/span> und <span class=\"ihand\">&#8222;<a href=\"https:\/\/www.5g-anbieter.info\/details\/freenetflex\" rel=\"noopener nofollow\" target=\"_blank\">Freenet Flex<\/a>&#8222;<\/span>. Bei den letzten beiden handelt es sich um spezielle Angebot die nur \u00fcber die jeweilige App bestellbar und verwaltbar sind. Bei Freenet Funk wird auf O2 als Netzpartner gesetzt. Die Flex-Tarife hingegen bietet Zugang zum ausgezeichneten <a href=\"https:\/\/www.5g-anbieter.info\/provider\/vodafone\/5g-vodafone.html\" data-internallinksmanager029f6b8e52c=\"1\" title=\"5G Tarife von Vodafone zeigen\">Vodafone<\/a>-Netz. Die Postpaid Tarife von Freenet Mobil werden teils via Vodafone oder <a href=\"https:\/\/www.5g-anbieter.info\/provider\/telekom\/5g-telekom.html\" data-internallinksmanager029f6b8e52c=\"2\" title=\"5G-Tarife der Telekom zeigen\">Deutsche Telekom<\/a> vermarktet. Details dazu zeigt auch unser Tarifvergleich aller Freenet-Pakete weiter unten.<\/p>\n<h3>Kann ich bei Freenet Mobile schon 5G nutzen?<\/h3>\n<p>Mitte 2024 startete Freenet damit <a href=\"https:\/\/www.5g-anbieter.info\/5g-news\/freenet-bietet-nun-auch-5g-tarife-von-o2-telefonica\">erste 5G-Angebote zu vermarkten<\/a>. Vorerst aber nur \u00fcber das O2-Netz, wie <a href=\"https:\/\/www.5g-anbieter.info\/details\/Freenet1\" rel=\"noopener nofollow\" target=\"_blank\" rel=\"nofollow\">hier in diesem Tarifbeispiel<\/a>. Freenet Funk bietet seit November 2025 endlich ebenfalls 5G. Nur &#8222;Flex&#8220; hat leider weiterhin kein 5G zu bieten &#8230;<\/p>\n<h3>Wie schnell ist das Internet bei Freenet?<\/h3>\n<p><a href=\"https:\/\/www.5g-anbieter.info\/lte\/\" data-internallinksmanager029f6b8e52c=\"66\" title=\"LTE\">LTE<\/a>\/4G ist nat\u00fcrlich fester Bestandteil aller Tarifpakete. Unterschiede gibt es aber hinsichtlich der maximalen Daten\u00fcbertragungsrate, also der Geschwindigkeit. Bei den &#8222;Freenet Mobile&#8220; Angeboten schwankt diese je nach gew\u00e4hltem Tarif zwischen 50 und 100 MBit\/s. Flex bietet leider nur 25 MBit\/s. <a href=\"https:\/\/www.5g-anbieter.info\/details\/freenetfunk\" rel=\"noopener nofollow\" target=\"_blank\">Freenet FUNK<\/a> sticht hier deutlich hervor. Nicht nur, dass der Tarif komplett ohne Datenbegrenzung daher kommt &#8211; er bietet bis 300 MBit\/s \u00fcber LTE\/5G. Im <a href=\"https:\/\/www.5g-anbieter.info\/provider\/freenet\/funk.html\">Test<\/a> konnte ich sogar \u00fcber 500 MBit\/s mit dem Angebot erzielen!<\/p>\n<h3><span class=\"ilampe\"><\/span>Sofort-Alternative mit 5G zum Sparpreis<\/h3>\n<p>Wer sich mit den genannten Angeboten doch nicht anfreunden kann, sollte ein Blick <a href=\"https:\/\/www.5g-anbieter.info\/vergleich\/5g-tarife.html\">auf die unseren Tarifvergleich werfen<\/a>. Hier startet die 5G-Allnetflat schon ab rund 8 \u20ac im Monat mit sehr viel Datenvolumen. Zudem finden Sie folgt alle Angebote des Anbieters.<\/p>\n<h3>Das sind die aktuellen Freenet Mobile Tarife im \u00dcberblick:<\/h3>\n<p><script type=\"text\/javascript\" src=\"https:\/\/www.tariffuxx.de\/tools\/view\/twl-mobile?tool_id=451\" id=\"twl-mobile-451\"><\/script><br \/>\n<noscript>Bitte aktivieren Sie JavaScript, um den Tarifvergleich zu nutzen.<\/noscript><\/p>\n<h3>Das k\u00f6nnte Sie noch interessieren:<\/h3>\n<p>&raquo; <a href=\"https:\/\/www.5g-anbieter.info\/5g-news\/bietet-fonic-schon-5g\">Hat FONIC bereits 5G?<\/a><br \/>\n&raquo; <a href=\"https:\/\/www.5g-anbieter.info\/5g-news\/hat-tchibo-schon-5g\">Wie stehts mit 5G bei Tchibo?<\/a><br \/>\n&raquo; <a href=\"https:\/\/www.5g-anbieter.info\/5g-news\/hat-otelo-schon-5g\">Gibts bei Otelo 5G?<\/a><br \/>\n&raquo; <a href=\"https:\/\/www.5g-anbieter.info\/5g-news\/hat-callya-eigentlich-schon-5g\">Hat Callya 5G?<\/a><\/p>\n<div style='text-align:center' class='yasr-auto-insert-visitor'><\/div>","protected":false},"excerpt":{"rendered":"<p>Alles zum Thema 5G bei Freenet Die Marke \u201eFreenet\u201c geh\u00f6rt mittlerweile zu den beliebtesten Mobilfunkmarken in Deutschland. Der Anbieter hat gleich eine ganze Reihe von Tarifangeboten \u2013 teils zu sehr g\u00fcnstigen Konditionen &#8211; in der Produktpipeline. Doch wie sieht es eigentlich mit 5G aus? Gibt\u2019s den flotten Datenturbo auch f\u00fcr Freenet-Kunden? Wir zeigen was m\u00f6glich [&hellip;]<\/p>\n","protected":false},"author":1,"featured_media":0,"parent":0,"menu_order":0,"comment_status":"closed","ping_status":"closed","template":"","meta":{"yasr_overall_rating":0,"yasr_post_is_review":"yes","yasr_auto_insert_disabled":"","yasr_review_type":"CreativeWorkSeries","iawp_total_views":300,"footnotes":""},"class_list":["post-9737","page","type-page","status-publish","hentry"],"yasr_visitor_votes":{"stars_attributes":{"read_only":false,"span_bottom":false},"number_of_votes":1,"sum_votes":3},"jetpack_shortlink":"https:\/\/wp.me\/P6PABz-2x3","jetpack_sharing_enabled":true,"_links":{"self":[{"href":"https:\/\/www.5g-anbieter.info\/5g-news\/wp-json\/wp\/v2\/pages\/9737","targetHints":{"allow":["GET"]}}],"collection":[{"href":"https:\/\/www.5g-anbieter.info\/5g-news\/wp-json\/wp\/v2\/pages"}],"about":[{"href":"https:\/\/www.5g-anbieter.info\/5g-news\/wp-json\/wp\/v2\/types\/page"}],"author":[{"embeddable":true,"href":"https:\/\/www.5g-anbieter.info\/5g-news\/wp-json\/wp\/v2\/users\/1"}],"replies":[{"embeddable":true,"href":"https:\/\/www.5g-anbieter.info\/5g-news\/wp-json\/wp\/v2\/comments?post=9737"}],"version-history":[{"count":5,"href":"https:\/\/www.5g-anbieter.info\/5g-news\/wp-json\/wp\/v2\/pages\/9737\/revisions"}],"predecessor-version":[{"id":10206,"href":"https:\/\/www.5g-anbieter.info\/5g-news\/wp-json\/wp\/v2\/pages\/9737\/revisions\/10206"}],"wp:attachment":[{"href":"https:\/\/www.5g-anbieter.info\/5g-news\/wp-json\/wp\/v2\/media?parent=9737"}],"curies":[{"name":"wp","href":"https:\/\/api.w.org\/{rel}","templated":true}]}}