{"id":9780,"date":"2026-02-04T11:02:45","date_gmt":"2026-02-04T10:02:45","guid":{"rendered":"https:\/\/www.5g-anbieter.info\/5g-news\/?page_id=9780"},"modified":"2026-02-14T10:59:42","modified_gmt":"2026-02-14T09:59:42","slug":"outdoor-smartphones-mit-5g","status":"publish","type":"page","link":"https:\/\/www.5g-anbieter.info\/5g-news\/outdoor-smartphones-mit-5g","title":{"rendered":"Outdoor-Smartphones mit 5G"},"content":{"rendered":"<h2>Spannende und besonders robuste 5G-Handys<\/h2>\n<p>&nbsp;<\/p>\n<p><img decoding=\"async\" src=\"https:\/\/www.5g-anbieter.info\/5g-news\/wp-content\/uploads\/2023\/03\/outdoor-smartphone-5g.webp\" alt=\"Outdoor-Smartphones mit 5G\" fetchpriority=\"high\"><\/p>\n<p>&nbsp;<\/p>\n<p>Outdoor-Smartphones sind bei Abenteuerlustigen und Extremsportlern sehr beliebt. Schlie\u00dflich halten die robusten Ger\u00e4te einiges aus. Aber auch Handwerker, Bauarbeiter und weitere Berufsgruppen greifen h\u00e4ufig zum Rugged-Smartphone. Aber was zeichnet Outdoor-Smartphones eigentlich aus, welche Vorteile bieten sie genau? Zudem werfen wir den Blick auf 7 spannende Modelle mit unterschiedlicher Ausrichtung, allesamt mit 5G ausgestattet.<!--more--><\/p>\n<h3>Was sind Rugged-Smartphones und was zeichnet sie aus?<\/h3>\n<p>Outdoor-Smartphones, im englischen eher Rugged-Smartphones genannt, sind besonders robuste Handys. Die Ger\u00e4te sind besonders stark gegen Staub und Wasser gesch\u00fctzt bzw. sogar wasserdicht, k\u00f6nnen zudem St\u00f6\u00dfe und sogar St\u00fcrze aus gr\u00f6\u00dferer H\u00f6he unbeschadet \u00fcberstehen. Viele Modelle weisen eine MIL-STD-810H-Zertifizierung aus. Diese belegt, dass die Ger\u00e4te nicht nur robust sind, sondern auch unter extremen Bedingungen wie eisigen oder sehr hohen Temperaturen, hoher Luftfeuchtigkeit oder anderen Widrigkeiten problemlos funktionieren.<\/p>\n<p>&nbsp;<\/p>\n<p><img decoding=\"async\" src=\"https:\/\/www.5g-anbieter.info\/5g-news\/wp-content\/uploads\/2026\/02\/outdoor-smartphone-im-einsatz.webp\" alt=\"Mann mit Rugged in der Natur\" loading=\"lazy\"><\/p>\n<p>&nbsp;<\/p>\n<p>Rugged-Smartphones sind meist schon anhand ihres robusten \u00c4u\u00dferen zu erkennen. Statt eines schlanken und schicken Designs, warten sie meist mit Bumpern zum Schutz auf. Sie sind nicht nur dicker als klassische Smartphones, sondern meist auch deutlich schwerer. Nicht selten bringt ein 5G-Outdoor-Smartphone 500 und mehr Gramm auf die Waage.<\/p>\n<p>&nbsp;<\/p>\n<p>Zudem zeichnet <u>Outdoor-Smartphones im Vergleich zu klassischen Modellen eine durchaus ungew\u00f6hnliche Ausstattung aus<\/u>. Einige Hersteller verbauen in den Ger\u00e4ten z.B. W\u00e4rmebildkameras oder einen besonders gro\u00dfen <a href=\"https:\/\/www.5g-anbieter.info\/strom\/5g-akku-laufzeit.html\" data-internallinksmanager029f6b8e52c=\"73\" title=\"Ist 5G gut oder schlecht f\u00fcr den Smartphone-Akku?\">Akku<\/a> f\u00fcr lange Autarkie. Weitere Ausstattungsmerkmale k\u00f6nnen Kompass, Barometer, H\u00f6henmesser, UV-Sensor oder auch SOS-Taste f\u00fcr Notlagen sein. Einige Ger\u00e4te bieten sogar schon eine Satelliten-Notruf-Option &#128752;&#127384; f\u00fcr Regionen ohne Mobilfunkempfang. Los ging es mit diesem Feature im Herbst 2022 beim <a href=\"https:\/\/www.5g-anbieter.info\/smartphones\/all\/smartphone-iphone-14-plus-pro-pro-max\">iPhone 14<\/a> und der Huawei Mate 50-Serie. Gerade bei Outdoor-Smartphones macht es absolut Sinn, wenn die Ger\u00e4te auch ohne Mobilfunknetzabdeckung via Satelliten zum Telefonieren oder SMS schreiben verwendet werden k\u00f6nnen, um fernab der Zivilisation und des n\u00e4chsten Handymastes in Notf\u00e4llen kommunizieren zu k\u00f6nnen.<\/p>\n<p>&nbsp;<\/p>\n<p>Ebenfalls wichtig, aber heute eigentlich f\u00fcr jedes Smartphone Standard, sind die \u00fcblichen <u>Satelliten-Ortungssysteme<\/u> wie GPS, GLONASS und Galileo. Sie k\u00f6nnen in der Wildnis beim Navigieren und Orten helfen. Hier gilt: Wer mit seinem Outdoor-Smartphone viel unterwegs ist, sollte auf m\u00f6glichst viele GNSS-Standards und eine hohe Genauigkeit achten.<\/p>\n<h3>&#127754; 1. CAT S75 Rugged Smartphpone<\/h3>\n<p><strong><em>G\u00fcnstiger Allrounder f\u00fcr Abenteurer<\/em><\/strong><\/p>\n<p>Der Hersteller CAT hat sich speziell auf besonders stabile Handys f\u00fcr Outdoor und Arbeit spezialisiert. Es punktet mit allen wichtigen Features, die f\u00fcr ein Outdoorger\u00e4t essentiell sind. Zun\u00e4chst einmal w\u00e4re da IP68\/IP69K sowie MIL STD 810H zu nennen, welches es perfekt f\u00fcr den Au\u00dfeneinsatz macht dank Staubschutz und Wasserdichtigkeit.<\/p>\n<p>&nbsp;<\/p>\n<p>Dar\u00fcber hinaus hat es noch ein echtes Alleinstellungsmerkmal: Die Rede ist von einer Satellitenverbindung f\u00fcr den Notfall. Echte Zwei-Wege-Satelliten-Nachrichtenkommunikation kann im Zweifel Leben retten in Regionen ohne klassischen Mobilfunkempfang, wie z.B. tief in den Bergen. Neben 5G, bietet das CAT-Smartphone auch <a href=\"https:\/\/www.5g-anbieter.info\/technik\/wifi6-ax.html\" data-internallinksmanager029f6b8e52c=\"36\" title=\"Was bietet WIFI 6?\">WI-FI 6<\/a> und einen starken 5300 mAh Akku. Es kann bis Android 14 geupdated werden \u2013 Auslieferung ist mit Version 12. Den Allrounder gibt es f\u00fcr ca. 300 \u20ac <a href=\"https:\/\/www.amazon.de\/Cat-S75-5G-Smartphone-Satellitenverbindung-superhelles\/dp\/B0BWY4SHZW\/&#038;tag=5gint-21\" target=\"_blank\" rel=\"nofollow noopener\">hier bei Amazon<\/a>.<\/p>\n<h3>&#127754; 2. Hammer Energy X2 5G<\/h3>\n<p><strong><em>Kompakt robust mit sehr gutem Preis \/Leistungs Verh\u00e4ltnis<\/em><\/strong><\/p>\n<p>Das Energy X2 von Hammer bietet ebenfalls soliden Schutz dank IP69\/MIL STD 810H und schnellem 5G-Internet. Im Inneren des optisch recht ansprechenden Smartphones, arbeitet ein <a href=\"https:\/\/www.5g-anbieter.info\/smartphones\/chipsaetze\/mediatek-5g.html\" data-internallinksmanager029f6b8e52c=\"71\" title=\"alle Mediatek SoC f\u00fcr 5G im \u00dcberblick\">MediaTek<\/a> Helio G81 Octa-Core-Prozessor mit 6\u20138 GB RAM und 128\u2013256 GB internen Speicher. Die Akkulaufzeit wird mit gut 17 Stunden angegeben (5000 mAh). Der Clou hier ist eine Nachtsichtkamera. Die Bewertungen bei Amazon \u00fcberzeugen ebenfalls. Ausgeliefert wird es mit Android 15 \u2013 weitere Updates sind wahrscheinlich. Kostenpunk: Um die 240 \u20ac. Hier Preis <a href=\"https:\/\/www.amazon.de\/Hammer-Energy-X2-5G-Baustellenhandy\/dp\/B0FX3G2JT1\/&#038;tag=5gint-21\" target=\"_blank\" rel=\"nofollow noopener\">bei Amazon pr\u00fcfen<\/a>.<\/p>\n<p>&nbsp;<\/p>\n<p><img decoding=\"async\" src=\"https:\/\/www.5g-anbieter.info\/5g-news\/wp-content\/uploads\/2026\/02\/bauleiter-outdoorsmartphone.webp\" alt=\"Bauleiter mit Outdoorsmartphone\" loading=\"lazy\"><\/p>\n<h3>&#127754; 3. OUKITEL WP300 5G<\/h3>\n<p><strong><em>Sehr gro\u00dfer Akku, modulare Extras, modernes Display<\/em><\/strong><\/p>\n<p>Platz 3 geht unsererseits an den eher wenig bekannten Hersteller OUKITEL. Dessen WP300 bietet einen extrem starken 16.000 mAh Akku. Laut Hersteller reicht das f\u00fcr bis zu 2070 Standby-Stunden oder 140 Stunden Telefonie. Wer also vor allem Laufzeit ben\u00f6tigt, wird hier f\u00fcndig.  Auch technisch ist das Outdoor-Ger\u00e4t auf der H\u00f6he der Zeit mit 36 GB RAM(!), 512 GB Speicher und einer MediaTek Dimensity 7050 6nm CPU. Das Display soll zudem sehr hell sein und 120 Hz bieten. Ausgeliefert mit Android 15. Leider ist der Preis <a href=\"https:\/\/www.amazon.de\/OUKITEL-WP300-Android-Outdoor-Handy-Schwarz\/dp\/B0FC2Y1Y98\/&#038;tag=5gint-21\" target=\"_blank\" rel=\"nofollow noopener\">hier bei Amazon<\/a> mit ca. 460 \u20ac aber etwas happig. Ideal d\u00fcrfte das WP300 f\u00fcr Trekking-Touren und mehrt\u00e4gigen Reisen ohne Stromzugang sein.<\/p>\n<h3>&#127754; 4. Blackview Xplore 1 5G<\/h3>\n<p><strong><em>Extrem lange Laufzeit, sehr robuste Bauweise, sehr gute Bewertungen<\/em><\/strong><\/p>\n<p>Das n\u00e4chste Outdoor-Handy was wir vorstellen wollen kommt von Blackview. Dieses bietet sogar noch mehr Akkuleistung mit 20.000 mAh. Ansonsten werden 256 GB Speicher, 36 GB RAM, 64 MP Kamera sowie Wasserdichtigkeit nach IP68 geboten. Auflieferung wieder mit Android 15. Wieder ideal f\u00fcr lange Naturaufenthalte ohne Stromquelle. Der Preis liegt bei ca. 360 \u20ac (<a href=\"https:\/\/www.amazon.de\/Blackview-Xplore-Baustellenhandy-Smartphone-Wasserdicht-Schwarz\/dp\/B0FRMGHRWY\/&#038;tag=5gint-21\" target=\"_blank\" rel=\"nofollow noopener\">hier bei Amazon checken<\/a>).<\/p>\n<p>&nbsp;<\/p>\n<div class=\"pic_r_cl\"><img decoding=\"async\" src=\"https:\/\/www.5g-anbieter.info\/5g-news\/wp-content\/uploads\/2026\/02\/blackview-smartphone.webp\" alt=\"Blackview Xplore 1\" loading=\"lazy\"><\/p>\n<p>Xplore 1 5G | Bild: Blackview <\/p>\n<\/div>\n<h3>&#127754; 5. AGM G3 Pro 5G<\/h3>\n<p><strong><em>Profi Rugged mit W\u00e4rmebildkamera und gro\u00dfer Kapazit\u00e4t<\/em><\/strong><\/p>\n<p>Beim AGM gibt es immerhin 10.000 mAh und Schutz nach IP68\/IP69K und MIL STD 810H. Der USP des AGM d\u00fcrfte die W\u00e4rmebildkamera mit einem 12&#215;384 IR-Sensor sein. Ideal f\u00fcr Handwerker, Ingenieure, Rettungskr\u00e4fte, J\u00e4ger und Outdoor-Abenteurer. Auch besonders ist eine Campinglampe sowie ein 116dB Lautsprecher, etwa f\u00fcr Freisprech unter lauten Bedingungen. Im Inneren gibt es 24 GB RAM, 512 GB Speicher und Android 15. Mit W\u00e4rebildfunktion kostet das Handy <a href=\"https:\/\/www.amazon.de\/AGM-Wasserdicht-Integrierte-Campinglampe-Lautsprecher-Schwarz\/dp\/B0FP4PG53H\/&#038;tag=5gint-21\" target=\"_blank\" rel=\"nofollow noopener\">allerdings gut 700 \u20ac<\/a>.<\/p>\n<p>&nbsp;<\/p>\n<div class=\"pic_r_cl\"><img decoding=\"async\" src=\"https:\/\/www.5g-anbieter.info\/5g-news\/wp-content\/uploads\/2026\/02\/waermebild-outdoor-handy.webp\" alt=\"AGM G3 Pro 5G\" loading=\"lazy\"><\/p>\n<p>Outdoor-Handy von AGM mit W\u00e4rebildkamera | Bild: AGM<\/p>\n<\/div>\n<h3>&#127754; 6. Samsung Galaxy XCover 6 Pro 5G<\/h3>\n<p><strong><em>Der Markenhersteller Peis-Tipp mit Android 16!<\/em><\/strong><\/p>\n<p>Platz 6 ist schon ein etwas \u00e4lteres Modell, was aber immer noch gegen die modernere Konkurrenz mithalten kann. Samsung steht vor allem f\u00fcr seine schicken Galaxy S-Flaggschiffe sowie weitere Galaxy-Serien (A\/M). Weniger bekannt ist, dass der Hersteller auch Outdoor-Smartphones im Portfolio hat. Das aktuelle Modell tr\u00e4gt den Namen Samsung Galaxy XCover 6 Pro und ist ein nach IP68 wasser- und staubgesch\u00fctztes Outdoor-Smartphone mit 5G, das zudem nach MIL-STD-810H zertifiziert wurde. Somit kann das Ger\u00e4t f\u00fcr 30 Minuten 1,5 m tief tauchen und \u00fcbersteht unter anderem St\u00fcrze aus 1 m H\u00f6he unbeschadet.<\/p>\n<p>&nbsp;<\/p>\n<p>Technisch wartet das Samsung Galaxy XCover 6 Pro unter anderem mit einem 6,6 Zoll FHD+-Display mit 120 Hz, das sich auch mit 2 mm dicken Handschuhen bedienen l\u00e4sst, dem <a href=\"https:\/\/www.5g-anbieter.info\/smartphones\/chipsaetze\/qualcomm-5g.html\" data-internallinksmanager029f6b8e52c=\"68\" title=\"alle 5G Qualcomm SoC im \u00dcberblick\">Snapdragon<\/a> 778G von Qualcomm mit 5G-Modem f\u00fcr Sub-6-GHz samt 6 GB RAM und 128 GB Speicherplatz sowie einem 4.050 mAh Akku auf. Die Akkukapazit\u00e4t ist genauso wie die Ladegeschwindigkeit von 15 W \u00fcberschaubar. Daf\u00fcr ist die Batterie allerdings austauschbar, sodass sich schnell ein voller Energiespeicher einsetzen l\u00e4sst.<\/p>\n<p>&nbsp;<\/p>\n<p>Abgerundet wird die Ausstattung von einer frei belegbaren XCover-Taste an der Ger\u00e4teseite sowie eine 50 MP Dual-Kamera hinten. Mit 235 g ist das Samsung Galaxy XCover 6 Pro f\u00fcr ein Rugged-Smartphone zudem angenehm leicht. Der Preis lag Anfang 2026 bei nur rund 180 Euro. Es gibt sogar Updates bis Android 16. Ein Schn\u00e4ppchen also!<\/p>\n<p>&nbsp;<\/p>\n<div class=\"highlight\">&raquo; Samsung Galaxy XCover 6 Pro <a href=\"https:\/\/www.amazon.de\/Samsung-XCover6-robustes-Smartphone-Enterprise\/dp\/B0B5K78PW8\/&#038;tag=5gint-21\" target=\"_blank\" rel=\"nofollow noopener\">hier bei Amazon bestellen<\/a>\n<\/div>\n<h3>&#127754; 7. Aus Deutschland: Gigaset GX6 Pro<\/h3>\n<p><strong><em>Etwas betagt aber Made in Germany und gut gealtert&#8230;<\/em><\/strong><\/p>\n<p>Ein echtes 5G-Outdoor-Smartphone \u201eMade in Germany\u201c ist das Gigaset GX6. Das Ger\u00e4t erf\u00fcllt die Standards IP68 und MIL-STD-810H und ist somit ebenfalls bestens gegen \u00e4u\u00dferliche Einfl\u00fcsse gesch\u00fctzt. Dazu zeichnet das Ger\u00e4t ein f\u00fcr Rugged-Handys besonders schickes Design aus, das in seinem Umfeld durchaus auff\u00e4llt.<\/p>\n<p>&nbsp;<\/p>\n<p><iframe width=\"588\" height=\"315\" loading=\"lazy\" src=\"https:\/\/www.youtube.com\/embed\/3S-X9JjsQ14\" title=\"YouTube video player\" frameborder=\"0\" allow=\"accelerometer; autoplay; clipboard-write; encrypted-media; gyroscope; picture-in-picture; web-share\" allowfullscreen><\/iframe><\/p>\n<p>&nbsp;<\/p>\n<p>Unter der Haube verbaut auch Gigaset im GX6 einen wechselbaren Akku, der mit 5.000 mAh zudem gr\u00f6\u00dfer ausf\u00e4llt und mit 30 W auch schneller l\u00e4dt als im Samsung Galaxy XCover 6 Pro. Zur weiteren Ausstattung des laut UVP 579 Euro teuren Gigaset GX6 z\u00e4hlen der <a href=\"https:\/\/www.5g-anbieter.info\/smartphones\/chipsaetze\/mediatek-5g.html\">MediaTek Dimensity 900 5G SoC<\/a> mit 6 GB RAM und 128 GB Speicherplatz, ein Triple-Slot f\u00fcr Dual-SIM plus Speichererweiterung bis zu 1 TB, ein 6,6 Zoll gro\u00dfes FHD+-Display mit 120 Hz und 550 Nits sowie eine 50 MP Dual-Kamera. Praktisch ist auch hier die programmierbare Funktionstaste f\u00fcr Schnellzugriff auf Funktionen oder Apps.<\/p>\n<p>&nbsp;<\/p>\n<div class=\"highlight\">\n&raquo; Gigaset GX6 <a href=\"https:\/\/www.amazon.de\/Gigaset-GX6-Outdoor-Smartphone-Milit%C3%A4rstandard\/dp\/B0BFDPCNRX\/&#038;tag=5gint-21\" target=\"_blank\" rel=\"nofollow noopener\">hier bei Amazon bestellen<\/a>\n<\/div>\n<p>&nbsp;<\/p>\n<div class=\"pic_r_cl\"><img decoding=\"async\" src=\"https:\/\/www.5g-anbieter.info\/5g-news\/wp-content\/uploads\/2023\/03\/xcover6-pro.webp\" alt=\"XCover 6 Pro\" loading=\"lazy\"><\/p>\n<p>XCover 6 Pro | Bild: Samsung<\/p>\n<\/div>\n<h3>Fazit: Gro\u00dfe Auswahl an Rugged-Smartphones mit unterschiedlichen St\u00e4rken<\/h3>\n<p>Die Auswahl an Outdoor-Smartphones auf dem Markt ist, auch wenn die Ger\u00e4teklasse eher ein Nischendasein fristet, recht gro\u00df. Diverse Hersteller bieten die robusten Ger\u00e4te an oder haben sich sogar darauf spezialisiert. Erh\u00e4ltlich sind sie oft samt 5G-Unterst\u00fctzung ab rund 200-300 Euro. Die Ausstattung ist teils noch abwechslungsreicher als bei klassischen Smartphones &#8211; riesiger Akkus, W\u00e4rmebildkameras und Co. sei Dank. Meist funken die Ger\u00e4t im Bereich <a href=\"https:\/\/www.5g-anbieter.info\/technik\/sub-6-ghz.html\">Sub-6-GHz<\/a>. Erste Modelle bieten zudem den im Ernstfall wichtigen Satelliten-Notruf-Support.<\/p>\n<p>&nbsp;<\/p>\n<p>Geeignet sind die Outdoor-Smartphones nicht nur f\u00fcr Abenteurer, Sportler und Handwerker. Jeder, bei dem gelegentlich das eigene Smartphone auf den Boden knallt oder auch mal unfreiwillig baden geht, kann von den St\u00e4rken der Rugged-Smartphons profitieren. Beim Design und dem Gewicht muss man dann allerdings meist Abstriche in Kauf nehmen.<\/p>\n<h3>Das k\u00f6nnte Sie noch interessieren:<\/h3>\n<p>\u00bb <a href=\"https:\/\/www.5g-anbieter.info\/verfuegbarkeit\/5g-verfuegbarkeit-testen.html\">5G Verf\u00fcgbarkeit pr\u00fcfen<\/a><br \/>\n\u00bb <a href=\"https:\/\/www.5g-anbieter.info\/vergleich\/tarife-mit-smartphone.html\">5G Tarife mit passendem Smartphone vergleichen<\/a><br \/>\n\u00bb <a href=\"https:\/\/www.5g-anbieter.info\/5g-news\/bietet-freenet-schon-5g\">Gibt es bei Freenet schon 5G?<\/a><\/p>\n<div style='text-align:center' class='yasr-auto-insert-visitor'><\/div>","protected":false},"excerpt":{"rendered":"<p>Spannende und besonders robuste 5G-Handys &nbsp; &nbsp; Outdoor-Smartphones sind bei Abenteuerlustigen und Extremsportlern sehr beliebt. Schlie\u00dflich halten die robusten Ger\u00e4te einiges aus. Aber auch Handwerker, Bauarbeiter und weitere Berufsgruppen greifen h\u00e4ufig zum Rugged-Smartphone. Aber was zeichnet Outdoor-Smartphones eigentlich aus, welche Vorteile bieten sie genau? Zudem werfen wir den Blick auf 7 spannende Modelle mit unterschiedlicher [&hellip;]<\/p>\n","protected":false},"author":1,"featured_media":0,"parent":0,"menu_order":0,"comment_status":"closed","ping_status":"closed","template":"","meta":{"yasr_overall_rating":0,"yasr_post_is_review":"yes","yasr_auto_insert_disabled":"","yasr_review_type":"CreativeWorkSeries","iawp_total_views":3288,"footnotes":""},"class_list":["post-9780","page","type-page","status-publish","hentry"],"yasr_visitor_votes":{"stars_attributes":{"read_only":false,"span_bottom":false},"number_of_votes":4,"sum_votes":12},"jetpack_shortlink":"https:\/\/wp.me\/P6PABz-2xK","jetpack_sharing_enabled":true,"_links":{"self":[{"href":"https:\/\/www.5g-anbieter.info\/5g-news\/wp-json\/wp\/v2\/pages\/9780","targetHints":{"allow":["GET"]}}],"collection":[{"href":"https:\/\/www.5g-anbieter.info\/5g-news\/wp-json\/wp\/v2\/pages"}],"about":[{"href":"https:\/\/www.5g-anbieter.info\/5g-news\/wp-json\/wp\/v2\/types\/page"}],"author":[{"embeddable":true,"href":"https:\/\/www.5g-anbieter.info\/5g-news\/wp-json\/wp\/v2\/users\/1"}],"replies":[{"embeddable":true,"href":"https:\/\/www.5g-anbieter.info\/5g-news\/wp-json\/wp\/v2\/comments?post=9780"}],"version-history":[{"count":5,"href":"https:\/\/www.5g-anbieter.info\/5g-news\/wp-json\/wp\/v2\/pages\/9780\/revisions"}],"predecessor-version":[{"id":13666,"href":"https:\/\/www.5g-anbieter.info\/5g-news\/wp-json\/wp\/v2\/pages\/9780\/revisions\/13666"}],"wp:attachment":[{"href":"https:\/\/www.5g-anbieter.info\/5g-news\/wp-json\/wp\/v2\/media?parent=9780"}],"curies":[{"name":"wp","href":"https:\/\/api.w.org\/{rel}","templated":true}]}}