{"id":9900,"date":"2026-01-04T09:06:24","date_gmt":"2026-01-04T08:06:24","guid":{"rendered":"https:\/\/www.5g-anbieter.info\/5g-news\/?page_id=9900"},"modified":"2026-01-04T11:49:13","modified_gmt":"2026-01-04T10:49:13","slug":"5-wichtigsten-5g-frequenzen","status":"publish","type":"page","link":"https:\/\/www.5g-anbieter.info\/5g-news\/5-wichtigsten-5g-frequenzen","title":{"rendered":"Die 5 wichtigsten 5G-Frequenzen f\u00fcr Nutzer"},"content":{"rendered":"<p><img decoding=\"async\" src=\"https:\/\/www.5g-anbieter.info\/5g-news\/wp-content\/uploads\/2023\/03\/top5-5g-frequenz.webp\" alt=\"Top 5 5G-Frequenzen\" fetchpriority=\"high\"><\/p>\n<p>&nbsp;<\/p>\n<h3>Welche B\u00e4nder muss mein Ger\u00e4t unbedingt haben?<\/h3>\n<p><a href=\"https:\/\/www.5g-anbieter.info\/\">5G<\/a> funkt hierzulande bzw. weltweit auf zahlreichen Frequenzbereichen. Doch welche sind essentiell f\u00fcr Deutschland, damit man problemlos surfen kann? Unser Ratgeber zeigt welche 5 B\u00e4nder besonders relevant sind und jedes Smarthpone bzw. Router haben sollte!<!--more--><\/p>\n<p>&nbsp;<\/p>\n<p>Mittlerweile (2026) ist das 5G-Netz in Deutschland <a href=\"https:\/\/www.5g-anbieter.info\/verfuegbarkeit\/5g-verfuegbarkeit-testen.html\">sehr gut ausgebaut<\/a> und nur noch marginal schlechter abgedeckt als <a href=\"https:\/\/www.5g-anbieter.info\/lte\/\" data-internallinksmanager029f6b8e52c=\"66\" title=\"LTE\">LTE<\/a>. Immer mehr Verbraucher greifen daher zu <a href=\"https:\/\/www.5g-anbieter.info\/smartphones\/\">5G-f\u00e4higen Smartphones<\/a> oder <a href=\"https:\/\/www.5g-anbieter.info\/hardware\/5g-router.html\">Routern<\/a>. Auch die Auswahl an <a href=\"https:\/\/www.5g-anbieter.info\/vergleich\/5g-tarife.html\">passenden Tarifen welche den Datenturbo bieten<\/a> w\u00e4chst.<\/p>\n<p>&nbsp;<\/p>\n<div class=\"background5\">\n<span class=\"ihand\"><\/span>Aber: 5G funkt auf <a href=\"https:\/\/www.5g-anbieter.info\/technik\/5g-frequenzen.html\">verschiedenen Frequenzen<\/a> \u2013 weltweit gibt es <a href=\"https:\/\/www.5g-anbieter.info\/technik\/5g-frequenzen-tabelle.html\">mehrere dutzend<\/a>! In Deutschland sind vor allem 4-5 B\u00e4nder wichtig. Diese sollte jedes Smartphone und Router unterst\u00fctzen!\n<\/div>\n<h3>Das sind die wichtigsten 5G-Frequenzen in DE<\/h3>\n<p>Zun\u00e4chst sei noch erw\u00e4hnt, dass sich hierzulande vier Unternehmen f\u00fcr den 5G-Netzausbau verantwortlich zeigen. <a href=\"https:\/\/www.5g-anbieter.info\/provider\/vodafone\/5g-vodafone.html\" data-internallinksmanager029f6b8e52c=\"1\" title=\"5G Tarife von Vodafone zeigen\">Vodafone<\/a>, <a href=\"https:\/\/www.5g-anbieter.info\/provider\/telekom\/5g-telekom.html\" data-internallinksmanager029f6b8e52c=\"2\" title=\"5G-Tarife der Telekom zeigen\">Deutsche Telekom<\/a>, O2 und seit 2022 auch <a href=\"https:\/\/www.5g-anbieter.info\/provider\/1und1\/5g-1und1.html\" data-internallinksmanager029f6b8e52c=\"4\" title=\"5G Tarife von 1und1 vergleichen\">1&#038;1<\/a>. Die Provider setzen dabei nicht immer bei den genutzten Frequenzen aufs gleiche Pferd. Denn bei der Versteigerung der <a href=\"https:\/\/www.5g-anbieter.info\/technik\/5g-frequenzen.html\" data-internallinksmanager029f6b8e52c=\"32\" title=\"alles zum wichtigen Thema 5G-Frequenzen\">5G-Frequenzen<\/a> haben die Bieter den Fokus auf das ein oder andere Funkband gelegt. Auch netzhistorisch bedingt kommt es zu Unterschieden.<\/p>\n<p>&nbsp;<\/p>\n<p>Insgesamt kann man ma\u00dfgeblich folgende 5G-B\u00e4nder ausmachen: n78, n28, n3 und n1 (zum F\u00fcnften sp\u00e4ter mehr). Die &#8222;n-Zahlen&#8220; k\u00fcrzen etwas kryptisch spezielle Frequenzbereiche ab, einfach weil es k\u00fcrzer ist als z.B. 1800 MHz. Die genannten sind wie folgt charakterisiert:<\/p>\n<p>&nbsp;<\/p>\n<p><span class=\"ilampe\"><\/span><u><strong>5G-Band n1:<\/strong><\/u> Steht f\u00fcr den Frequenzbereich bei 2,1 GHz (2100 MHz) und wird in Deutschland vor allem von der Deutschen Telekom (2 x 20 MHz) sowie 1und1 eingesetzt. Mitunter wird \u00fcber <a href=\"https:\/\/www.5g-anbieter.info\/technik\/dynamic-spectrum-sharing.html\">DSS<\/a> aber weiter LTE als Grundlage genutzt.<\/p>\n<p>&nbsp;<\/p>\n<p><span class=\"ilampe\"><\/span><u><strong>5G-Band n3:<\/strong><\/u> Codiert den Frequenzbereich bei 1,8 GHz (1800 MHz). Aktuell genutzt von Vodafone mit 2 x 25 MHz Bandbreite sowie O2 (2 x 20 MHz). Auch hier kommt oft <a href=\"https:\/\/www.5g-anbieter.info\/technik\/dynamic-spectrum-sharing.html\" data-internallinksmanager029f6b8e52c=\"34\" title=\"Was ist DSS bei 5G?\">DSS<\/a> mit LTE zum Einsatz.<\/p>\n<p>&nbsp;<\/p>\n<p><span class=\"ilampe\"><\/span><u><strong>5G-Band n28:<\/strong><\/u> Dieses 5G-Band hat neben n78 die h\u00f6chste Bedeutung, da es vor allem f\u00fcr den Fl\u00e4chenausbau im l\u00e4ndlichen Raum eingesetzt wird. Ausschlaggebend ist die h\u00f6chstm\u00f6gliche <a href=\"https:\/\/www.5g-anbieter.info\/ratgeber\/reichweite.html\">Reichweite<\/a> aller zur Verf\u00fcgung stehenden Frequenzen f\u00fcr 5G. Telekom, O2 und Vodafone stehen je ein Band von 2 x 10 MHz zur Verf\u00fcgung. Etwas schmaler als die anderen also, was leider dazu f\u00fchrt, dass die maximale Datenraten hier deutlich geringer ausf\u00e4llt (~ bis 250 MBit\/s). Vodafone setzt n28 vor allem mit DSS ein, die Telekom dagegen ohne. <\/p>\n<p>&nbsp;<\/p>\n<p><span class=\"ilampe\"><\/span><u><strong>5G-Band n78:<\/strong><\/u> War die in Deutschland erste eingesetzte 5G-Frequenz \u00fcberhaupt. N78 steht f\u00fcr den Bereich um 3.6 GHz. Da verf\u00fcgbare Bandbreite hier 70-90 MHz betr\u00e4gt, ist es auch die leistungsst\u00e4rkste 5G-Frequenz \u2013 unabdingbar f\u00fcr Datenraten um oder gar \u00fcber 1000 MBit\/s. Leider ist die <a href=\"https:\/\/www.5g-anbieter.info\/ratgeber\/reichweite.html\">Reichweite<\/a> auf n78 auch die niedrigste (< 1 km), so dass damit vor allem Ballungsr\u00e4ume ausger\u00fcstet werden.\n\n\n<p>&nbsp;<\/p>\n<p><span class=\"ilampe\"><span><\/u><strong>mmWave (n257-261):<\/strong><\/u> Dieser Bereich wird vor allem in naher Zukunft von Bedeutung sein. Bislang kommt er nur in privaten <a href=\"https:\/\/www.5g-anbieter.info\/5g-anwendungen\/campusnetze.html\">Campusnetzen<\/a> zum Einsatz. Urspr\u00fcnglich wurde ja 5G mit Geschwindigkeiten von 5-20 Gbit\/s angek\u00fcndigt. Doch davon sind wir heute noch <a href=\"https:\/\/www.5g-anbieter.info\/speed\/wie-schnell-ist-5g.html\">weit entfernt<\/a>. Voraussetzung hierf\u00fcr ist die Erschlie\u00dfung neuer Frequenzen \u00fcber 25 GHz im Millimeterwellenbereich. Wer jetzt schon auf Nummer sicher gehen will, sollte also ein Smartphone bzw. Router w\u00e4hlen das dies schon unterst\u00fctzt. Viele neuere Modelle wie das <a href=\"https:\/\/www.5g-anbieter.info\/smartphones\/all\/smartphone-samsung-galaxy-s25-s25-s25-ultra\">Galaxy S25<\/a> supporten <a href=\"https:\/\/www.5g-anbieter.info\/technik\/5g-mmwave.html\" data-internallinksmanager029f6b8e52c=\"33\" title=\"Was ist mmWave?\">mmWave<\/a> bereits.<\/p>\n<p>&nbsp;<\/p>\n<p><span class=\"ilampe\"><\/span>andere B\u00e4nder:<br \/>\nEs gibt noch eine ganze Reihe weiterer Bereiche, die aber vor allem im Ausland relevant sein k\u00f6nnen. Welche das sind <a href=\"https:\/\/www.5g-anbieter.info\/technik\/5g-frequenzen-tabelle.html\">zeigt hier unsere 5G-Freuqenztabelle<\/a>.<\/p>\n<p>&nbsp;<\/p>\n<p><img decoding=\"async\" src=\"https:\/\/www.5g-anbieter.info\/5g-news\/wp-content\/uploads\/2022\/02\/mast1.webp\" alt=\"Funkmast\" loading=\"lazy\"><\/p>\n<h3>Was passiert wenn mein Ger\u00e4t nicht kompatibel ist?<\/h3>\n<p>Zun\u00e4chst einmal nicht viel, au\u00dfer dass man \u00f6fters statt 5G nur 4G\/LTE haben wird. Die ersten <a href=\"https:\/\/www.5g-anbieter.info\/smartphones\/\" data-internallinksmanager029f6b8e52c=\"23\" title=\"\u00dcbersicht aktueller 5G-Smartphones\">5G-Smartphones<\/a> von 2019\/2020 zum Beispiel unterst\u00fctzten oft nur das n78 Band. Erst sp\u00e4tere Modelle konnten auch mit anderen wichtigen B\u00e4ndern umgehen. Fehlt ein Bandsupport in Ihrem Handy, k\u00f6nnte folgendes passieren: W\u00e4ren ein Freund am selben Ort mit demselben Tarif wie Sie mit 5G im Netz surft, kommt bei Ihnen nur LTE an. Auf surfen und telefonieren hat es also zun\u00e4chst keinen unmittelbaren Einfluss, nur ob sie auch das voll ausgebaute 5G-Netz komplett oder nur teilweise nutzen k\u00f6nnen.<\/p>\n<h3>Fazit<\/h3>\n<p>F\u00fcr deutsche Verbraucher die auf der Suche nach einem neuen 5G-Smartphone, Tablet oder Router sind, sollten also mindestens die genannten vier B\u00e4nder n1, n3, n28 und n78 mit dabei sein. Die Hersteller geben dies meist mit auf der Packung oder den Webseitenbeschreibungen an. Auch wir stellen regelm\u00e4\u00dfig die neusten Ger\u00e4te vor mit den supporteten B\u00e4ndern. Hier die neusten Handys und hier die 5G-Router.<\/p>\n<h3>Das k\u00f6nnte Sie noch interessieren:<\/h3>\n<p>\u00bb <a href=\"https:\/\/www.5g-anbieter.info\/vergleich\/tarife-mit-smartphone.html\">5G Tarife mit passendem Smartphone vergleichen<\/a><br \/>\n\u00bb <a href=\"https:\/\/www.5g-anbieter.info\/allnet\/5g-allnetflat-vergleich.html\">5G Allnetflats vergleichen<\/a><br \/>\n\u00bb <a href=\"https:\/\/www.5g-anbieter.info\/prepaid\/5g-prepaid-tarife.html\">5G Prepaid-Tarife im \u00dcberblick<\/a><br \/>\n<!--Ratgeber1--><\/p>\n<div style='text-align:center' class='yasr-auto-insert-visitor'><\/div>","protected":false},"excerpt":{"rendered":"<p>&nbsp; Welche B\u00e4nder muss mein Ger\u00e4t unbedingt haben? 5G funkt hierzulande bzw. weltweit auf zahlreichen Frequenzbereichen. Doch welche sind essentiell f\u00fcr Deutschland, damit man problemlos surfen kann? Unser Ratgeber zeigt welche 5 B\u00e4nder besonders relevant sind und jedes Smarthpone bzw. Router haben sollte!<\/p>\n","protected":false},"author":1,"featured_media":0,"parent":0,"menu_order":0,"comment_status":"closed","ping_status":"closed","template":"","meta":{"yasr_overall_rating":0,"yasr_post_is_review":"yes","yasr_auto_insert_disabled":"","yasr_review_type":"CreativeWorkSeries","iawp_total_views":559,"footnotes":""},"class_list":["post-9900","page","type-page","status-publish","hentry"],"yasr_visitor_votes":{"stars_attributes":{"read_only":false,"span_bottom":false},"number_of_votes":10,"sum_votes":22},"jetpack_shortlink":"https:\/\/wp.me\/P6PABz-2zG","jetpack_sharing_enabled":true,"_links":{"self":[{"href":"https:\/\/www.5g-anbieter.info\/5g-news\/wp-json\/wp\/v2\/pages\/9900","targetHints":{"allow":["GET"]}}],"collection":[{"href":"https:\/\/www.5g-anbieter.info\/5g-news\/wp-json\/wp\/v2\/pages"}],"about":[{"href":"https:\/\/www.5g-anbieter.info\/5g-news\/wp-json\/wp\/v2\/types\/page"}],"author":[{"embeddable":true,"href":"https:\/\/www.5g-anbieter.info\/5g-news\/wp-json\/wp\/v2\/users\/1"}],"replies":[{"embeddable":true,"href":"https:\/\/www.5g-anbieter.info\/5g-news\/wp-json\/wp\/v2\/comments?post=9900"}],"version-history":[{"count":5,"href":"https:\/\/www.5g-anbieter.info\/5g-news\/wp-json\/wp\/v2\/pages\/9900\/revisions"}],"predecessor-version":[{"id":10345,"href":"https:\/\/www.5g-anbieter.info\/5g-news\/wp-json\/wp\/v2\/pages\/9900\/revisions\/10345"}],"wp:attachment":[{"href":"https:\/\/www.5g-anbieter.info\/5g-news\/wp-json\/wp\/v2\/media?parent=9900"}],"curies":[{"name":"wp","href":"https:\/\/api.w.org\/{rel}","templated":true}]}}