{"id":9948,"date":"2026-02-04T11:32:42","date_gmt":"2026-02-04T10:32:42","guid":{"rendered":"https:\/\/www.5g-anbieter.info\/5g-news\/?page_id=9948"},"modified":"2026-02-04T15:19:19","modified_gmt":"2026-02-04T14:19:19","slug":"hat-simon-mobile-schon-5g","status":"publish","type":"page","link":"https:\/\/www.5g-anbieter.info\/5g-news\/hat-simon-mobile-schon-5g","title":{"rendered":"Hat SIMon mobile schon 5G?"},"content":{"rendered":"<h2>Alles zum Thema 5G bei SIMon<\/h2>\n<p>&nbsp;<\/p>\n<p><img decoding=\"async\" src=\"https:\/\/www.5g-anbieter.info\/5g-news\/wp-content\/uploads\/2023\/03\/simon-5g.webp\" alt=\"SIMon mit 5G?\" fetchpriority=\"high\"><\/p>\n<p>&nbsp;<\/p>\n<p>Bei <a href=\"https:\/\/www.5g-anbieter.info\/provider\/simon\/5g-simonmobil.html\">SIMon Mobile<\/a> handelt es sich um eine Discount-Mobilfunkmarke von <a href=\"https:\/\/www.5g-anbieter.info\/provider\/vodafone\/5g-vodafone.html\" data-internallinksmanager029f6b8e52c=\"1\" title=\"5G Tarife von Vodafone zeigen\">Vodafone<\/a>, bekannt durch den punkigen kleinen Waschb\u00e4ren. Das Angebot punktet durch viel Datenvolumen samt Allnetflat zum kleinen Preis. Aber hat <a href=\"https:\/\/www.5g-anbieter.info\/provider\/simon\/5g-simonmobil.html\" data-internallinksmanager029f6b8e52c=\"8\" title=\"SIMon 5G-Tarife im Vergleich\">SIMon<\/a> eigentlich auch 5G? Mehr dazu hier in unserem Ratgeber!<!--more--><\/p>\n<h3>Welches Netz nutzt SIMon-Mobile aktuell (2026)?<\/h3>\n<p>Kunden surfen und telefonieren hier mobil \u00fcber das ausgezeichnete Vodafone Mobilfunknetz (D2), welches sich in den vergangenen Jahren meist die ersten Pl\u00e4tze mit der Deutschen <a href=\"https:\/\/www.5g-anbieter.info\/provider\/telekom\/5g-telekom.html\" data-internallinksmanager029f6b8e52c=\"2\" title=\"5G-Tarife der Telekom zeigen\">Telekom<\/a> teilt. Netzabdeckung und Qualit\u00e4t sind sehr gut. F\u00fcr Details kann man sich auch hier die <a href=\"https:\/\/www.5g-anbieter.info\/details\/Vodafonemap\" rel=\"noopener nofollow\" target=\"_blank\">Ausbaukarte direkt bei Vodafone ansehen<\/a>.<\/p>\n<h3>Wie steht es mit LTE?<\/h3>\n<p>4G ist nat\u00fcrlich fester Bestandteil der Tarife bei SIMon-mobile. Die maximale Geschwindigkeit liegt hier aktuell bei 100-150 MBit\/s (50 MBit up), je nach Tarif. Auch im EU-Ausland telefoniert und surft man wie zuhause ohne Mehrkosten.<\/p>\n<h3>Gibt es schon 5G bei SIMon und wie schnell ist es?<\/h3>\n<div class=\"pic_r\"><img decoding=\"async\" src=\"https:\/\/www.5g-anbieter.info\/5g-news\/wp-content\/uploads\/2023\/03\/simon-logo.webp\" alt=\"SIMon\" width=\"230\" loading=\"lazy\"><\/div>\n<p>SIMon-Kunden haben seit Ende September 2023 vollen Zugriff auf 5G. SIMon schaltete am 28.09.2023 den Zugang f\u00fcr Bestands- und Neukunden frei. Die \u00dcbertragungsrate bleibt aber gleich mit der von <a href=\"https:\/\/www.5g-anbieter.info\/lte\/\" data-internallinksmanager029f6b8e52c=\"66\" title=\"LTE\">LTE<\/a> bei 100-150 MBit\/s. Vorteile gibt es eher in Hinblick auf k\u00fcrzere Latenzzeiten, geringerem <a href=\"https:\/\/www.5g-anbieter.info\/strom\/5g-akku-laufzeit.html\" data-internallinksmanager029f6b8e52c=\"73\" title=\"Ist 5G gut oder schlecht f\u00fcr den Smartphone-Akku?\">Akkuverbrauch<\/a> und einer besseren Funkversorgung insgesamt. Das Vodafone-Netz ist auch in Sachen 5G bestens ausgebaut. Wie es bei Ihnen vor Ort aussieht, zeigt ein Blick auf die <a href=\"https:\/\/www.5g-anbieter.info\/details\/Vodafonemap\" rel=\"noopener nofollow\" target=\"_blank\">Ausbaukarte des Anbieters<\/a>. Seit Q2\/2024 wird \u00fcbrigens sogar WLAN-Telefonie unterst\u00fctzt, was bis dato nicht der Fall war.<\/p>\n<h3>SIMon Tarife im \u00dcberblick<\/h3>\n<p><script type=\"text\/javascript\" src=\"https:\/\/www.tariffuxx.de\/tools\/view\/twl-mobile?tool_id=463\" id=\"twl-mobile-463\"><\/script><br \/>\n<noscript>Bitte aktivieren Sie JavaScript, um den SIMOn-Tarifvergleich zu nutzen.<\/noscript><\/p>\n<h3>Alternativen mit 5G zum Sparpreis<\/h3>\n<p>Wer dennoch nicht \u00fcberzeugt ist, zum Beispiel weil der Internetzugang schneller als 150 MBit sein soll, kann auf einige Alternativen zur\u00fcckgreifen. Einmal w\u00e4ren da die <a href=\"https:\/\/www.5g-anbieter.info\/prepaid\/anbieter\/callya-5g.html\">Prepaid-Angebote direkt von Vodafone<\/a> und <a href=\"https:\/\/www.5g-anbieter.info\/prepaid\/anbieter\/telekom-5g.html\">MagentaMobil Prepaid von der Telekom<\/a> (10-15 \u20ac mit Allnetflat). Oder die Vertragstarife beider Anbieter ab ca. 30 \u20ac monatlich. Bei der Wahl hilft <a href=\"https:\/\/www.5g-anbieter.info\/allnet\/5g-allnetflat-vergleich.html\">hier unser 5G-Allnetflat Vergleich<\/a>.<\/p>\n<div class=\"quellenews\">\nBild Waschb\u00e4r: SIMon\n<\/div>\n<div style='text-align:center' class='yasr-auto-insert-visitor'><\/div>","protected":false},"excerpt":{"rendered":"<p>Alles zum Thema 5G bei SIMon &nbsp; &nbsp; Bei SIMon Mobile handelt es sich um eine Discount-Mobilfunkmarke von Vodafone, bekannt durch den punkigen kleinen Waschb\u00e4ren. Das Angebot punktet durch viel Datenvolumen samt Allnetflat zum kleinen Preis. Aber hat SIMon eigentlich auch 5G? Mehr dazu hier in unserem Ratgeber!<\/p>\n","protected":false},"author":1,"featured_media":0,"parent":0,"menu_order":0,"comment_status":"closed","ping_status":"closed","template":"","meta":{"yasr_overall_rating":0,"yasr_post_is_review":"yes","yasr_auto_insert_disabled":"","yasr_review_type":"CreativeWorkSeries","iawp_total_views":231,"footnotes":""},"class_list":["post-9948","page","type-page","status-publish","hentry"],"yasr_visitor_votes":{"stars_attributes":{"read_only":false,"span_bottom":false},"number_of_votes":0,"sum_votes":0},"jetpack_shortlink":"https:\/\/wp.me\/P6PABz-2As","jetpack_sharing_enabled":true,"_links":{"self":[{"href":"https:\/\/www.5g-anbieter.info\/5g-news\/wp-json\/wp\/v2\/pages\/9948","targetHints":{"allow":["GET"]}}],"collection":[{"href":"https:\/\/www.5g-anbieter.info\/5g-news\/wp-json\/wp\/v2\/pages"}],"about":[{"href":"https:\/\/www.5g-anbieter.info\/5g-news\/wp-json\/wp\/v2\/types\/page"}],"author":[{"embeddable":true,"href":"https:\/\/www.5g-anbieter.info\/5g-news\/wp-json\/wp\/v2\/users\/1"}],"replies":[{"embeddable":true,"href":"https:\/\/www.5g-anbieter.info\/5g-news\/wp-json\/wp\/v2\/comments?post=9948"}],"version-history":[{"count":5,"href":"https:\/\/www.5g-anbieter.info\/5g-news\/wp-json\/wp\/v2\/pages\/9948\/revisions"}],"predecessor-version":[{"id":10867,"href":"https:\/\/www.5g-anbieter.info\/5g-news\/wp-json\/wp\/v2\/pages\/9948\/revisions\/10867"}],"wp:attachment":[{"href":"https:\/\/www.5g-anbieter.info\/5g-news\/wp-json\/wp\/v2\/media?parent=9948"}],"curies":[{"name":"wp","href":"https:\/\/api.w.org\/{rel}","templated":true}]}}