{"id":9962,"date":"2026-02-03T09:47:41","date_gmt":"2026-02-03T08:47:41","guid":{"rendered":"https:\/\/www.5g-anbieter.info\/5g-news\/?page_id=9962"},"modified":"2026-02-04T15:08:48","modified_gmt":"2026-02-04T14:08:48","slug":"hat-otelo-schon-5g","status":"publish","type":"page","link":"https:\/\/www.5g-anbieter.info\/5g-news\/hat-otelo-schon-5g","title":{"rendered":"Hat Otelo schon 5G?"},"content":{"rendered":"<h2>Alles zu 5G Internet bei Otelo<\/h2>\n<p>&nbsp;<\/p>\n<p><img decoding=\"async\" src=\"https:\/\/www.5g-anbieter.info\/5g-news\/wp-content\/uploads\/2023\/03\/otelo-5g.webp\" alt=\"5G bei Otelo\" fetchpriority=\"high\"><\/p>\n<p>&nbsp;<\/p>\n<p><a href=\"https:\/\/www.5g-anbieter.info\/provider\/otelo\/5g-otelo.html\" data-internallinksmanager029f6b8e52c=\"15\" title=\"Otelos 5G-Tarife auf einen Blick\">Otelo<\/a> geh\u00f6rt mit zu den bekanntesten Handy-Tarif Marken in Deutschland. G\u00fcnstige Allnetflatrates mit unbegrenzter Telefonie und reichlich Datenvolumen f\u00fcr wenig Geld stehen f\u00fcr Otelo. Doch hat der Anbieter eigentlich schon das flotte 5G im Angebot? Unser Ratgeber zeigt was schon geht und was es kostet.<!--more--><\/p>\n<h3>Welches Netz nutzt Otelo?<\/h3>\n<p>Bei <a href=\"https:\/\/www.5g-anbieter.info\/provider\/otelo\/5g-otelo.html\">Otelo<\/a> handelt es sich um eine Vertriebsmarke von <a href=\"https:\/\/www.5g-anbieter.info\/provider\/vodafone\/5g-vodafone.html\" data-internallinksmanager029f6b8e52c=\"1\" title=\"5G Tarife von Vodafone zeigen\">Vodafone<\/a>, \u00e4hnlich wie <a href=\"https:\/\/www.5g-anbieter.info\/5g-news\/hat-simon-mobile-schon-5g\">SIMon Mobile<\/a>. Daher zeichnet sich auch die Konzernmutter f\u00fcr das Netz verantwortlich. Mit einem Otelo Tarif telefonieren und surfen Sie also im D1 Vodafone-Netz! Sprachqualit\u00e4t und Netzabdeckung sind hier exzellent \u2013 \u00e4hnlich wie bei der Deutschen <a href=\"https:\/\/www.5g-anbieter.info\/provider\/telekom\/5g-telekom.html\" data-internallinksmanager029f6b8e52c=\"2\" title=\"5G-Tarife der Telekom zeigen\">Telekom<\/a>. Das zeigten auch immer wieder unabh\u00e4ngige Tests in den letzten Jahren. Wer selbst einen Blick auf die Ausbaukarte von Vodafone werfen will, kann dies hier direkt beim Anbieter vornehmen.<\/p>\n<h3>Gibt es schon 5G bei Otelo und wie schnell ist es?<\/h3>\n<p>Tats\u00e4chlich ja! Vodafone hat im September 2023 5G auch f\u00fcr seine Discountmarken freigegeben. Allerdings leider nur f\u00fcr die Vertragstarifen (nicht Prepaid). Nachdem Otelo zu Beginn einen Aufpreis f\u00fcr 5G verlangte, ist der Zugang mittlerweile kostenlos und fester Vertragsbestandteil aller Vertrags-Allnetflats. Mit anderen Worten: Die Otelo-Allnetflats sind mit 5G ohne Mehrkosten. Die Datenrate liegt \u00fcbrigens bei 50 MBit\/s &#8211; egal ob \u00fcber 5G oder <a href=\"https:\/\/www.5g-anbieter.info\/lte\/\" data-internallinksmanager029f6b8e52c=\"66\" title=\"LTE\">LTE<\/a>. Wer mehr m\u00f6chte, kann die Geschwindigkeit f\u00fcr 5 \u20ac auf 100 MBit\/s verdoppeln.<\/p>\n<h3>Wie steht es mit LTE?<\/h3>\n<p>LTE (4G) ist nat\u00fcrlich auch bei jedem Otelo-Tarif heute mit dabei, ganz ohne Extrakosten. Sowohl bei den Prepaid-Paketen als auch den Postpaid Varianten (mit Vertrag).<\/p>\n<h3>Otelo Alternativen mit 5G zum Sparpreis<\/h3>\n<p>Wer dennoch mit den Angeboten fremdelt, sollte auf einen Blick auf die <a href=\"https:\/\/www.5g-anbieter.info\/provider\/vodafone\/5g-vodafone.html#smartphone\">Gigamobil Tarife<\/a> (Postpaid) direkt bei Vodafone werden. Da ist immer 5G mit Maximalgeschwindigkeit (~ 500 bis 1000 Mbit\/s) inklusive. Aber auch die hauseigenen <a href=\"https:\/\/www.5g-anbieter.info\/prepaid\/anbieter\/callya-5g.html\">Prepaid-Aangebote Callya locken mit 5G-Internet<\/a> \u2013 eine Allnetflat gibt\u2019s hier schon ab rund 10 Euro.<\/p>\n<h3>Otelo Tarife im \u00dcberblick<\/h3>\n<p><script type=\"text\/javascript\" src=\"https:\/\/www.tariffuxx.de\/tools\/view\/twl-mobile?tool_id=464\" id=\"twl-mobile-464\"><\/script><br \/>\n<noscript>Bitte aktivieren Sie JavaScript, um den Tarifvergleich zu nutzen.<\/noscript><\/p>\n<h3>Auch interessant!<\/h3>\n<p>&raquo; <a href=\"https:\/\/www.5g-anbieter.info\/tarife\/kostenlos-5g.html\">Gibt es auch kostenlose 5G-Tarife?<\/a><br \/>\n&raquo; <a href=\"https:\/\/www.5g-anbieter.info\/business\/internet-mobile-kassensysteme.html\">Schnelles Internet \u00fcber 5G f\u00fcr Foodtrucks &#038; Co.<\/a><\/p>\n<div style='text-align:center' class='yasr-auto-insert-visitor'><\/div>","protected":false},"excerpt":{"rendered":"<p>Alles zu 5G Internet bei Otelo &nbsp; &nbsp; Otelo geh\u00f6rt mit zu den bekanntesten Handy-Tarif Marken in Deutschland. G\u00fcnstige Allnetflatrates mit unbegrenzter Telefonie und reichlich Datenvolumen f\u00fcr wenig Geld stehen f\u00fcr Otelo. Doch hat der Anbieter eigentlich schon das flotte 5G im Angebot? Unser Ratgeber zeigt was schon geht und was es kostet.<\/p>\n","protected":false},"author":1,"featured_media":0,"parent":0,"menu_order":0,"comment_status":"closed","ping_status":"closed","template":"","meta":{"yasr_overall_rating":0,"yasr_post_is_review":"yes","yasr_auto_insert_disabled":"","yasr_review_type":"CreativeWorkSeries","iawp_total_views":341,"footnotes":""},"class_list":["post-9962","page","type-page","status-publish","hentry"],"yasr_visitor_votes":{"stars_attributes":{"read_only":false,"span_bottom":false},"number_of_votes":0,"sum_votes":0},"jetpack_shortlink":"https:\/\/wp.me\/P6PABz-2AG","jetpack_sharing_enabled":true,"_links":{"self":[{"href":"https:\/\/www.5g-anbieter.info\/5g-news\/wp-json\/wp\/v2\/pages\/9962","targetHints":{"allow":["GET"]}}],"collection":[{"href":"https:\/\/www.5g-anbieter.info\/5g-news\/wp-json\/wp\/v2\/pages"}],"about":[{"href":"https:\/\/www.5g-anbieter.info\/5g-news\/wp-json\/wp\/v2\/types\/page"}],"author":[{"embeddable":true,"href":"https:\/\/www.5g-anbieter.info\/5g-news\/wp-json\/wp\/v2\/users\/1"}],"replies":[{"embeddable":true,"href":"https:\/\/www.5g-anbieter.info\/5g-news\/wp-json\/wp\/v2\/comments?post=9962"}],"version-history":[{"count":5,"href":"https:\/\/www.5g-anbieter.info\/5g-news\/wp-json\/wp\/v2\/pages\/9962\/revisions"}],"predecessor-version":[{"id":13644,"href":"https:\/\/www.5g-anbieter.info\/5g-news\/wp-json\/wp\/v2\/pages\/9962\/revisions\/13644"}],"wp:attachment":[{"href":"https:\/\/www.5g-anbieter.info\/5g-news\/wp-json\/wp\/v2\/media?parent=9962"}],"curies":[{"name":"wp","href":"https:\/\/api.w.org\/{rel}","templated":true}]}}