{"id":9969,"date":"2026-02-04T09:47:59","date_gmt":"2026-02-04T08:47:59","guid":{"rendered":"https:\/\/www.5g-anbieter.info\/5g-news\/?page_id=9969"},"modified":"2026-02-04T15:25:43","modified_gmt":"2026-02-04T14:25:43","slug":"hat-1und1-schon-5g","status":"publish","type":"page","link":"https:\/\/www.5g-anbieter.info\/5g-news\/hat-1und1-schon-5g","title":{"rendered":"Hat 1und1 schon 5G?"},"content":{"rendered":"<h1>Alles zu 5G bei 1&#038;1<\/h1>\n<p>&nbsp;<\/p>\n<p><img decoding=\"async\" src=\"https:\/\/www.5g-anbieter.info\/5g-news\/wp-content\/uploads\/2023\/03\/1und1-5g.webp\" alt=\"1und1 5G\" fetchpriority=\"high\"><\/p>\n<p>&nbsp;<\/p>\n<p>1und1 geh\u00f6rt zweifelsohne heute mit zu den gr\u00f6\u00dften Internet- und Mobilfunkanbietern in Deutschland. Mittlerweile tritt er sogar als eigenst\u00e4ndiger Netzprovider auf. Doch gibt es auch schon 5G bei <a href=\"https:\/\/www.5g-anbieter.info\/provider\/1und1\/5g-1und1.html\" data-internallinksmanager029f6b8e52c=\"4\" title=\"5G Tarife von 1und1 vergleichen\">1&#038;1<\/a> und was kostet das?<!--more--><\/p>\n<h3>Welches Netz hat 1&#038;1?<\/h3>\n<div class=\"pic_r\"><img decoding=\"async\" src=\"https:\/\/www.5g-anbieter.info\/5g-news\/wp-content\/uploads\/2023\/03\/1und1logo-1.webp\" alt=\"5G von 1&#038;1\" width=\"140\" loading=\"lazy\"><\/div>\n<p>Diese Frage ist berechtigt, denn bis Herbst 2022 lautete die Antwort noch \u201ekeines\u201c. Vielmehr setzte das Unternehmen bis dato im Mobilfunkbereich ausschlie\u00dflich auf Kooperationen. Genauer gesagt mit O2. Alle <a href=\"https:\/\/www.5g-anbieter.info\/provider\/1und1\/5g-1und1.html#smartphone\">1&#038;1 Smartphone-Tarife<\/a> wurden ausschlie\u00dflich \u00fcber deren Funknetz realisiert. Doch 1&#038;1 hatte mehr vor, denn 2019 ersteigerte das Unternehmen auch 5G-Lizenzen. Der Ausbau des eigenen 5G-Mobilfunknetzes lief seither auf Hochtouren.<\/p>\n<p>&nbsp;<\/p>\n<p>Im Dezember 2022 starte 1und1 schlie\u00dflich das erste Angebot auf Basis der eigenen Infrastruktur, allerdings zun\u00e4chst mit nur drei Antennenmasten in zwei St\u00e4dten und nur f\u00fcr die <a href=\"https:\/\/www.5g-anbieter.info\/zuhause\/1und1\/5g-daheim-fwa.html\">5G-Zuhause Tarife<\/a>. Erst sp\u00e4ter lie\u00df man auch die eigenen Smartphone-Tarife \u00fcber das hauseigene System laufen.<\/p>\n<h3>Gibt es schon 5G bei 1und1?<\/h3>\n<p>Ja! Im Dezember 2023 fiel dann endg\u00fcltig der Startschuss f\u00fcr das 1&#038;1 5G-Netz \u2013 auch f\u00fcr die Smartphone-Tarife. Seither surfen und telefonierten Kunden auch \u00fcber das hauseigene Netz, sofern vor Ort schon ausgebaut. Da dies noch l\u00e4ngst nicht \u00fcberall der Fall ist, springt vorerst <a href=\"https:\/\/www.5g-anbieter.info\/provider\/vodafone\/5g-vodafone.html\" data-internallinksmanager029f6b8e52c=\"1\" title=\"5G Tarife von Vodafone zeigen\">Vodafone<\/a> als \u201eL\u00fcckenf\u00fcller\u201c ein. Bis Q4\/2024 war der Netzpartner \u00fcbrigens O2, jedoch wechselte 1&#038;1 die Partnerschaft. Welche Tarife es gibt, zeigt <a href=\"https:\/\/www.5g-anbieter.info\/provider\/1und1\/5g-1und1.html\">hier unsere 1&#038;1-Tarif\u00fcbersicht<\/a>. Die m\u00f6gliche <span class=\"ihand\"><\/span>Geschwindigkeit liegt je bei bis zu 300 MBit\/s im Download und 50 MBit\/s <a href=\"https:\/\/www.5g-anbieter.info\/speed\/5g-upload.html\" data-internallinksmanager029f6b8e52c=\"27\" title=\"mehr zum Upload bei 5G erfahren\">Upload<\/a>.<\/p>\n<p>&nbsp;<\/p>\n<p>Der gro\u00dfe Unterschied zur Konkurrenz liegt \u00fcbrigens darin, dass 1&#038;1 ja sein Funknetz von Grund auf neu aufbauen muss und somit nur die modernsten Komponenten und Infrastrukturen verwenden kann. Dabei setzt man von Anfang an auf die Open-RAN-Technologie. <a href=\"https:\/\/www.5g-anbieter.info\/provider\/telekom\/5g-telekom.html\" data-internallinksmanager029f6b8e52c=\"2\" title=\"5G-Tarife der Telekom zeigen\">Telekom<\/a>, Vodafone und O2 m\u00fcssen dagegen aufwendig bestehende Systeme modernisieren. Langfristig k\u00f6nnte dadurch ein nicht unbedeutender Performancevorteil f\u00fcr 1&#038;1 herausspringen, etwa bei der <a href=\"https:\/\/www.5g-anbieter.info\/speed\/5g-ping.html\" data-internallinksmanager029f6b8e52c=\"28\" title=\"mehr zum Thema Pingzeit bei 5G erfahren\">Latenz<\/a>.<\/p>\n<h3>Ausbaustand und Verf\u00fcgbarkeit<\/h3>\n<p>Noch betreibt 1&#038;1 erst wenige Funkmasten \u00fcberall in Deutschland verstreut. 2026 muss das Unternehmen aber endlich Tempo beim <a href=\"https:\/\/www.5g-anbieter.info\/5g-ausbau\/\" data-internallinksmanager029f6b8e52c=\"62\" title=\"Wo ist 5G schon ausgebaut?\">5G-Ausbau<\/a> machen und sich langsam einer akzeptablen Versorgung n\u00e4hern. Das von der Bundesnetzagentur bis Ende 2025 vorgegebene Ziel einer Ausbauquote von 25 Prozent konnte der Provider gerade noch erreichen &#8211; das entspricht ca. 12,5 Millionen potenziellen Nutzern. Die Quote von 25 Prozent war \u00fcbrigens eine Bedingung f\u00fcr die Teilnahme an der Teilnahme f\u00fcr die 5G-Frequenzversteigerung. Ohne Partner wird es wohl auch die kommenden Jahre nicht gehen. Wie schon erw\u00e4hnt, kooperiert das Unternehmen nun mit Vodafone. Per National Roaming wird \u00fcberall dort wo 1&#038;1 noch kein eigenes Netz anbieten kann (also eher die Regel) Vodafone einspringen. Mehr zum <a href=\"https:\/\/www.5g-anbieter.info\/verfuegbarkeit\/1und1-5g-verfuegbarkeit-testen.html\">1&#038;1 5G-Ausbau hier<\/a>.<\/p>\n<h3>Wie schaut es auch mit LTE?<\/h3>\n<p>4G ist auch in s\u00e4mtlichen Handy-Tarifen enthalten. Die m\u00f6gliche Datenrate betr\u00e4gt dann bis zu 300 MBit\/s. 3G wurde ohnehin bereits abgeschaltet. Wer noch kein 4G oder 5G-f\u00e4higes Handy hat, telefoniert also maximal \u00fcber das uralte 2G (GSM), dass bald <a href=\"https:\/\/www.5g-anbieter.info\/2g\/gsm-abschaltung.html\">abgeschaltet wird<\/a>.<\/p>\n<h3>Alternativen mit 5G<\/h3>\n<p>Es gibt nat\u00fcrlich noch eine ganze Reihe andere <a href=\"https:\/\/www.5g-anbieter.info\/vergleich\/5g-tarife.html\" data-internallinksmanager029f6b8e52c=\"61\" title=\"Vergleich der Anbieter und Tarife: Wieviel kostet 5G?\">5G-Tarife<\/a> neben 1&#038;1. Auch O2 und die Dt. Telekom unterhalten ein gut ausgebautes 5G-Netz \u00fcber das die hauseigenen Tarifangebote laufen. Bei O2 bieten alle <a href=\"https:\/\/www.5g-anbieter.info\/provider\/o2\/5g-o2.html#smartphone\">Mobile Tarife<\/a> 5G ohne Aufpreis. Die Telekom vertreibt ihre Smartphone-Tarife unter der Bezeichnung <a href=\"https:\/\/www.5g-anbieter.info\/provider\/telekom\/5g-telekom.html#smartphone\">MagentaMobil<\/a>. Unser Preis-Leistungstipp geht an die Angebote von O2, welche schon ab rund 20 \u20ac starten.<\/p>\n<h3>Das sind die 1und1 Smartphone-Tarife mit LTE oder 5G im Vergleich:<\/h3>\n<p><script type=\"text\/javascript\" src=\"https:\/\/www.tariffuxx.de\/tools\/view\/twl-mobile?tool_id=465\" id=\"twl-mobile-465\"><\/script><br \/>\n<noscript>Bitte aktivieren Sie JavaScript, um den 1und1 5G-Vergleich zu nutzen.<\/noscript><\/p>\n<h3>Weiterf\u00fchrendes<\/h3>\n<p>&raquo; <a href=\"https:\/\/www.5g-anbieter.info\/5g-news\/apn-5g-netz-von-1und1\">Wie lautet die APN von 1&#038;1?<\/a><br \/>\n&raquo; <a href=\"https:\/\/www.5g-anbieter.info\/verfuegbarkeit\/1und1-5g-verfuegbarkeit-testen.html\">mehr zum 5G-Netzausbau von 1und1 erfahren<\/a><br \/>\n&raquo; <a href=\"https:\/\/www.5g-anbieter.info\/tarife\/kostenlos-5g.html\">Gibt es auch kostenlose 5G-Tarife?<\/a><\/p>\n<div style='text-align:center' class='yasr-auto-insert-visitor'><\/div>","protected":false},"excerpt":{"rendered":"<p>Alles zu 5G bei 1&#038;1 &nbsp; &nbsp; 1und1 geh\u00f6rt zweifelsohne heute mit zu den gr\u00f6\u00dften Internet- und Mobilfunkanbietern in Deutschland. Mittlerweile tritt er sogar als eigenst\u00e4ndiger Netzprovider auf. Doch gibt es auch schon 5G bei 1&#038;1 und was kostet das?<\/p>\n","protected":false},"author":1,"featured_media":0,"parent":0,"menu_order":0,"comment_status":"closed","ping_status":"closed","template":"","meta":{"yasr_overall_rating":0,"yasr_post_is_review":"yes","yasr_auto_insert_disabled":"","yasr_review_type":"CreativeWorkSeries","iawp_total_views":64,"footnotes":""},"class_list":["post-9969","page","type-page","status-publish","hentry"],"yasr_visitor_votes":{"stars_attributes":{"read_only":false,"span_bottom":false},"number_of_votes":1,"sum_votes":5},"jetpack_shortlink":"https:\/\/wp.me\/P6PABz-2AN","jetpack_sharing_enabled":true,"_links":{"self":[{"href":"https:\/\/www.5g-anbieter.info\/5g-news\/wp-json\/wp\/v2\/pages\/9969","targetHints":{"allow":["GET"]}}],"collection":[{"href":"https:\/\/www.5g-anbieter.info\/5g-news\/wp-json\/wp\/v2\/pages"}],"about":[{"href":"https:\/\/www.5g-anbieter.info\/5g-news\/wp-json\/wp\/v2\/types\/page"}],"author":[{"embeddable":true,"href":"https:\/\/www.5g-anbieter.info\/5g-news\/wp-json\/wp\/v2\/users\/1"}],"replies":[{"embeddable":true,"href":"https:\/\/www.5g-anbieter.info\/5g-news\/wp-json\/wp\/v2\/comments?post=9969"}],"version-history":[{"count":5,"href":"https:\/\/www.5g-anbieter.info\/5g-news\/wp-json\/wp\/v2\/pages\/9969\/revisions"}],"predecessor-version":[{"id":13585,"href":"https:\/\/www.5g-anbieter.info\/5g-news\/wp-json\/wp\/v2\/pages\/9969\/revisions\/13585"}],"wp:attachment":[{"href":"https:\/\/www.5g-anbieter.info\/5g-news\/wp-json\/wp\/v2\/media?parent=9969"}],"curies":[{"name":"wp","href":"https:\/\/api.w.org\/{rel}","templated":true}]}}